{"id":1424,"date":"2023-11-21T13:26:52","date_gmt":"2023-11-21T13:26:52","guid":{"rendered":"https:\/\/sni-nord.de\/?page_id=1424"},"modified":"2025-12-18T13:13:00","modified_gmt":"2025-12-18T13:13:00","slug":"buehnensysteme","status":"publish","type":"page","link":"https:\/\/sni-nord.de\/en\/storage-platforms\/stage-systems\/","title":{"rendered":"Stage Systems"},"content":{"rendered":"<div data-elementor-type=\"wp-page\" data-elementor-id=\"1424\" class=\"elementor elementor-1424\" data-elementor-post-type=\"page\">\n\t\t\t\t\t\t<section class=\"elementor-section elementor-top-section elementor-element elementor-element-b2f63e3 elementor-section-boxed elementor-section-height-default elementor-section-height-default\" data-id=\"b2f63e3\" data-element_type=\"section\" data-e-type=\"section\" data-no-translation=\"\">\n\t\t\t\t\t\t<div class=\"elementor-container elementor-column-gap-default\">\n\t\t\t\t\t<div class=\"elementor-column elementor-col-66 elementor-top-column elementor-element elementor-element-50cc505\" data-id=\"50cc505\" data-element_type=\"column\" data-e-type=\"column\">\n\t\t\t<div class=\"elementor-widget-wrap elementor-element-populated\">\n\t\t\t\t\t\t<div class=\"elementor-element elementor-element-129c285 elementor-widget elementor-widget-heading\" data-id=\"129c285\" data-element_type=\"widget\" data-e-type=\"widget\" data-widget_type=\"heading.default\">\n\t\t\t\t<div class=\"elementor-widget-container\">\n\t\t\t\t\t<h1 class=\"elementor-heading-title elementor-size-default\">Reliable Mezzanine Systems\n<\/h1>\t\t\t\t<\/div>\n\t\t\t\t<\/div>\n\t\t\t\t<div class=\"elementor-element elementor-element-8c8e01e elementor-widget elementor-widget-text-editor\" data-id=\"8c8e01e\" data-element_type=\"widget\" data-e-type=\"widget\" data-widget_type=\"text-editor.default\">\n\t\t\t\t<div class=\"elementor-widget-container\">\n\t\t\t\t\t\t\t\t\t<h2 data-pm-slice=\"1 1 []\"><strong>Create More Space in Your Rooms with the Right Mezzanine System<\/strong><\/h2><p>Mezzanine systems are an excellent solution for the industry, large warehouses, and retail spaces to create more space while maintaining an organized approach. An ultra-light mezzanine system is ideal for versatile logistical projects and allows you to have more space without further construction measures.<\/p><p>Customized mezzanine systems from SNI-Nord enable comprehensive use of your warehouses, workspaces, exhibition, and maintenance areas. To provide the right storage conditions, we assemble a flexible mezzanine system that can also be adjusted later, should you plan a move or redesign your production or storage space. Our service is available throughout Germany, and we implement your project directly on-site.<\/p>\t\t\t\t\t\t\t\t<\/div>\n\t\t\t\t<\/div>\n\t\t\t\t\t<\/div>\n\t\t<\/div>\n\t\t\t\t<div class=\"elementor-column elementor-col-33 elementor-top-column elementor-element elementor-element-d83a328\" data-id=\"d83a328\" data-element_type=\"column\" data-e-type=\"column\" data-settings=\"{&quot;background_background&quot;:&quot;classic&quot;}\">\n\t\t\t<div class=\"elementor-widget-wrap elementor-element-populated\">\n\t\t\t\t\t\t<div class=\"elementor-element elementor-element-88d77bb elementor-icon-list--layout-traditional elementor-list-item-link-full_width elementor-widget elementor-widget-icon-list\" data-id=\"88d77bb\" data-element_type=\"widget\" data-e-type=\"widget\" data-widget_type=\"icon-list.default\">\n\t\t\t\t<div class=\"elementor-widget-container\">\n\t\t\t\t\t\t\t<ul class=\"elementor-icon-list-items\">\n\t\t\t\t\t\t\t<li class=\"elementor-icon-list-item\">\n\t\t\t\t\t\t\t\t\t\t\t<span class=\"elementor-icon-list-icon\">\n\t\t\t\t\t\t\t<i aria-hidden=\"true\" class=\"fas fa-arrow-down\"><\/i>\t\t\t\t\t\t<\/span>\n\t\t\t\t\t\t\t\t\t\t<span class=\"elementor-icon-list-text\">CONTACT US NOW<\/span>\n\t\t\t\t\t\t\t\t\t<\/li>\n\t\t\t\t\t\t<\/ul>\n\t\t\t\t\t\t<\/div>\n\t\t\t\t<\/div>\n\t\t\t\t<div class=\"elementor-element elementor-element-0849e0b elementor-icon-list--layout-traditional elementor-list-item-link-full_width elementor-widget elementor-widget-icon-list\" data-id=\"0849e0b\" data-element_type=\"widget\" data-e-type=\"widget\" data-widget_type=\"icon-list.default\">\n\t\t\t\t<div class=\"elementor-widget-container\">\n\t\t\t\t\t\t\t<ul class=\"elementor-icon-list-items\">\n\t\t\t\t\t\t\t<li class=\"elementor-icon-list-item\">\n\t\t\t\t\t\t\t\t\t\t\t<a href=\"tel:+498007646673\">\n\n\t\t\t\t\t\t\t\t\t\t\t\t<span class=\"elementor-icon-list-icon\">\n\t\t\t\t\t\t\t<i aria-hidden=\"true\" class=\"fas fa-phone\"><\/i>\t\t\t\t\t\t<\/span>\n\t\t\t\t\t\t\t\t\t\t<span class=\"elementor-icon-list-text\"> Hotline: +49 (0) 800 \u2013 7646673<\/span>\n\t\t\t\t\t\t\t\t\t\t\t<\/a>\n\t\t\t\t\t\t\t\t\t<\/li>\n\t\t\t\t\t\t\t\t<li class=\"elementor-icon-list-item\">\n\t\t\t\t\t\t\t\t\t\t\t<a href=\"tel:+4944317482748\">\n\n\t\t\t\t\t\t\t\t\t\t\t\t<span class=\"elementor-icon-list-icon\">\n\t\t\t\t\t\t\t<i aria-hidden=\"true\" class=\"fas fa-phone\"><\/i>\t\t\t\t\t\t<\/span>\n\t\t\t\t\t\t\t\t\t\t<span class=\"elementor-icon-list-text\">Phone: +49 (0) 4431 \u2013 7482748<\/span>\n\t\t\t\t\t\t\t\t\t\t\t<\/a>\n\t\t\t\t\t\t\t\t\t<\/li>\n\t\t\t\t\t\t\t\t<li class=\"elementor-icon-list-item\">\n\t\t\t\t\t\t\t\t\t\t\t<a href=\"tel:+4944317482747\">\n\n\t\t\t\t\t\t\t\t\t\t\t\t<span class=\"elementor-icon-list-icon\">\n\t\t\t\t\t\t\t<i aria-hidden=\"true\" class=\"fas fa-fax\"><\/i>\t\t\t\t\t\t<\/span>\n\t\t\t\t\t\t\t\t\t\t<span class=\"elementor-icon-list-text\">Telefax: +49 (0) 4431 \u2013 7482747<\/span>\n\t\t\t\t\t\t\t\t\t\t\t<\/a>\n\t\t\t\t\t\t\t\t\t<\/li>\n\t\t\t\t\t\t\t\t<li class=\"elementor-icon-list-item\">\n\t\t\t\t\t\t\t\t\t\t\t<a href=\"mailto:info@sni-nord.de\">\n\n\t\t\t\t\t\t\t\t\t\t\t\t<span class=\"elementor-icon-list-icon\">\n\t\t\t\t\t\t\t<i aria-hidden=\"true\" class=\"far fa-envelope\"><\/i>\t\t\t\t\t\t<\/span>\n\t\t\t\t\t\t\t\t\t\t<span class=\"elementor-icon-list-text\"> E-Mail: info@sni-nord.de<\/span>\n\t\t\t\t\t\t\t\t\t\t\t<\/a>\n\t\t\t\t\t\t\t\t\t<\/li>\n\t\t\t\t\t\t\t\t<li class=\"elementor-icon-list-item\">\n\t\t\t\t\t\t\t\t\t\t\t<a href=\"https:\/\/sni-nord.de\/kontakt\/\">\n\n\t\t\t\t\t\t\t\t\t\t\t\t<span class=\"elementor-icon-list-icon\">\n\t\t\t\t\t\t\t<i aria-hidden=\"true\" class=\"fab fa-wpforms\"><\/i>\t\t\t\t\t\t<\/span>\n\t\t\t\t\t\t\t\t\t\t<span class=\"elementor-icon-list-text\">Click here for the contact form<\/span>\n\t\t\t\t\t\t\t\t\t\t\t<\/a>\n\t\t\t\t\t\t\t\t\t<\/li>\n\t\t\t\t\t\t<\/ul>\n\t\t\t\t\t\t<\/div>\n\t\t\t\t<\/div>\n\t\t\t\t<div class=\"elementor-element elementor-element-017f950 elementor-search-form--skin-classic elementor-search-form--button-type-icon elementor-search-form--icon-search elementor-widget elementor-widget-search-form\" data-id=\"017f950\" data-element_type=\"widget\" data-e-type=\"widget\" data-settings=\"{&quot;skin&quot;:&quot;classic&quot;}\" data-widget_type=\"search-form.default\">\n\t\t\t\t<div class=\"elementor-widget-container\">\n\t\t\t\t\t\t\t<search role=\"search\">\n\t\t\t<form class=\"elementor-search-form\" action=\"https:\/\/sni-nord.de\/en\/\" method=\"get\" data-trp-original-action=\"https:\/\/sni-nord.de\/en\/\">\n\t\t\t\t\t\t\t\t\t\t\t\t<div class=\"elementor-search-form__container\">\n\t\t\t\t\t<label class=\"elementor-screen-only\" for=\"elementor-search-form-017f950\">Search<\/label>\n\n\t\t\t\t\t\n\t\t\t\t\t<input id=\"elementor-search-form-017f950\" placeholder=\"Your search query\" class=\"elementor-search-form__input\" type=\"search\" name=\"s\" value=\"\">\n\t\t\t\t\t\n\t\t\t\t\t\t\t\t\t\t\t<button class=\"elementor-search-form__submit\" type=\"submit\" aria-label=\"Search\">\n\t\t\t\t\t\t\t\t\t\t\t\t\t\t\t<i aria-hidden=\"true\" class=\"fas fa-search\"><\/i>\t\t\t\t\t\t\t\t\t\t\t\t\t<\/button>\n\t\t\t\t\t\n\t\t\t\t\t\t\t\t\t<\/div>\n\t\t\t<input type=\"hidden\" name=\"trp-form-language\" value=\"en\"\/><\/form>\n\t\t<\/search>\n\t\t\t\t\t\t<\/div>\n\t\t\t\t<\/div>\n\t\t\t\t\t<\/div>\n\t\t<\/div>\n\t\t\t\t\t<\/div>\n\t\t<\/section>\n\t\t\t\t<section class=\"elementor-section elementor-top-section elementor-element elementor-element-f2d395f elementor-section-boxed elementor-section-height-default elementor-section-height-default\" data-id=\"f2d395f\" data-element_type=\"section\" data-e-type=\"section\" data-no-translation=\"\">\n\t\t\t\t\t\t<div class=\"elementor-container elementor-column-gap-default\">\n\t\t\t\t\t<div class=\"elementor-column elementor-col-100 elementor-top-column elementor-element elementor-element-2482dc1\" data-id=\"2482dc1\" data-element_type=\"column\" data-e-type=\"column\">\n\t\t\t<div class=\"elementor-widget-wrap elementor-element-populated\">\n\t\t\t\t\t\t<div class=\"elementor-element elementor-element-e155086 elementor-widget__width-initial elementor-widget elementor-widget-text-editor\" data-id=\"e155086\" data-element_type=\"widget\" data-e-type=\"widget\" data-widget_type=\"text-editor.default\">\n\t\t\t\t<div class=\"elementor-widget-container\">\n\t\t\t\t\t\t\t\t\t<h2 data-pm-slice=\"1 1 []\">Multiply Usable Space with Mezzanine Systems from SNI-Nord<\/h2><p>By simply combining columns and beams, you can create highly durable, reliable, and robust structures for your storage areas. Comfortable stairs, stable stairways, landings, maintenance platforms, and podiums are just a few of the modules you can use to configure your mezzanine system. We offer many other modules and excellent expansion options for your walkable mezzanines, ensuring you receive a satisfactory product.<\/p><p>Key advantages of SNI-Nord mezzanine systems include:<\/p><ul class=\"ProsemirrorEditor-list\"><li class=\"ProsemirrorEditor-listItem\" data-list-indent=\"1\" data-list-type=\"bulleted\"><p>Increased storage and production space<\/p><\/li><li class=\"ProsemirrorEditor-listItem\" data-list-indent=\"1\" data-list-type=\"bulleted\"><p>High stability and load-bearing capacity<\/p><\/li><li class=\"ProsemirrorEditor-listItem\" data-list-indent=\"1\" data-list-type=\"bulleted\"><p>Custom manufacturing and easy modular expansion<\/p><\/li><li class=\"ProsemirrorEditor-listItem\" data-list-indent=\"1\" data-list-type=\"bulleted\"><p>Excellent value for money<\/p><\/li><li class=\"ProsemirrorEditor-listItem\" data-list-indent=\"1\" data-list-type=\"bulleted\"><p>Simple installation in all buildings<\/p><\/li><li class=\"ProsemirrorEditor-listItem\" data-list-indent=\"1\" data-list-type=\"bulleted\"><p>Cost-effective alternative to renovations<\/p><\/li><\/ul><h3>Customized Production for an Ideal Mezzanine System<\/h3><p>At SNI-Nord Regaltechnik, both the production and delivery of mezzanine systems according to NEN-EN 1090 standards are our norm. With our many years of experience, we design the right, flexible mezzanine system for you, ensuring that you receive a complete product. A mobile mezzanine system always incorporates our extensive expertise, comprehensive consultation, high-quality components, and precise customization to your wishes and needs.<\/p><p>Using the latest technology and in-house profiling equipment and welding robots, we produce a high-quality mezzanine for product storage. We manufacture the desired system in the appropriate RAL color, ensuring that everything is tailored to your warehouse and facility conditions.<\/p><h3>Project Process at SNI-Nord<\/h3><p>We offer a comprehensive service, starting with an initial consultation to determine how we can best assist you. The second step involves the preliminary planning of the mezzanine system in a 3D drawing, which can, of course, be expanded or modified. If you accept the offer, we will have a follow-up meeting to inform you about the project&#8217;s milestones. After another discussion, the production of your custom-designed mezzanine begins. It is important to emphasize that the welding process for our mezzanine systems is certified according to ISO 3834-3. All our products are CE marked, guaranteeing the added safety of our products. Once production is complete, we deliver the product to you and, if needed, handle the installation. As a specialist industrial service provider, we are authorized under the CE standard according to NEN-EN 1090 to deliver mezzanine systems.<\/p><p>At SNI-Nord, we also offer an annual inspection of your warehouse mezzanines, shelving, and mezzanine systems in accordance with the relevant regulations.<\/p>\t\t\t\t\t\t\t\t<\/div>\n\t\t\t\t<\/div>\n\t\t\t\t<div class=\"elementor-element elementor-element-049e498 elementor-align-center elementor-widget elementor-widget-button\" data-id=\"049e498\" data-element_type=\"widget\" data-e-type=\"widget\" data-widget_type=\"button.default\">\n\t\t\t\t<div class=\"elementor-widget-container\">\n\t\t\t\t\t\t\t\t\t<div class=\"elementor-button-wrapper\">\n\t\t\t\t\t<a class=\"elementor-button elementor-button-link elementor-size-sm\" href=\"https:\/\/sni-nord.de\/kontakt\/\">\n\t\t\t\t\t\t<span class=\"elementor-button-content-wrapper\">\n\t\t\t\t\t\t\t\t\t<span class=\"elementor-button-text\">Contact us here<\/span>\n\t\t\t\t\t<\/span>\n\t\t\t\t\t<\/a>\n\t\t\t\t<\/div>\n\t\t\t\t\t\t\t\t<\/div>\n\t\t\t\t<\/div>\n\t\t\t\t\t<\/div>\n\t\t<\/div>\n\t\t\t\t\t<\/div>\n\t\t<\/section>\n\t\t\t\t<section class=\"elementor-section elementor-top-section elementor-element elementor-element-5d4a08c elementor-section-boxed elementor-section-height-default elementor-section-height-default\" data-id=\"5d4a08c\" data-element_type=\"section\" data-e-type=\"section\" data-no-translation=\"\">\n\t\t\t\t\t\t<div class=\"elementor-container elementor-column-gap-default\">\n\t\t\t\t\t<div class=\"elementor-column elementor-col-100 elementor-top-column elementor-element elementor-element-08a158d\" data-id=\"08a158d\" data-element_type=\"column\" data-e-type=\"column\">\n\t\t\t<div class=\"elementor-widget-wrap elementor-element-populated\">\n\t\t\t\t\t\t<div class=\"elementor-element elementor-element-875c97a elementor-widget elementor-widget-text-editor\" data-id=\"875c97a\" data-element_type=\"widget\" data-e-type=\"widget\" data-widget_type=\"text-editor.default\">\n\t\t\t\t<div class=\"elementor-widget-container\">\n\t\t\t\t\t\t\t\t\t<h2 data-pm-slice=\"1 1 []\">Modular and Expandable Mezzanine Systems from SNI-Nord<\/h2><p>To make walkable mezzanines as customized as possible, you have the option to add many individual modules to your system. We ensure that no essential components are missing from your mezzanine by including grating, storage partitions, and safety nets.<\/p><p>Protective profiles and impact protection, along with the right safety railings, provide additional security. Optimal space utilization is achieved with the appropriate staircase system. Custom stairs for each mezzanine can be combined with exit platforms, intermediate platforms, corner platforms, and platforms for changing direction.<\/p><h2>The Right Mezzanine System for Your Application<\/h2><p>Just as your application area is unique, a mezzanine system can be designed to meet your specific needs. We understand the requirements of various industries and know what matters most.<\/p><p>We offer our customers the right solutions for every application area: from e-commerce, retail, logistics, and warehousing to manufacturing logistics facilities. We have experience in all these fields and design the best mezzanine system for you.<\/p><p>While mezzanine systems in manufacturing primarily focus on productivity and optimal access routes, systems for e-commerce facilities are often associated with rapid growth and may require frequent expansion. In such cases, intermediate floors can be easily adjusted and expanded.<\/p><p>When designing your mezzanine system, we always consider your individual workflows and the most efficient use of your large space.<\/p>\t\t\t\t\t\t\t\t<\/div>\n\t\t\t\t<\/div>\n\t\t\t\t<div class=\"elementor-element elementor-element-bda2906 elementor-align-center elementor-widget elementor-widget-button\" data-id=\"bda2906\" data-element_type=\"widget\" data-e-type=\"widget\" data-widget_type=\"button.default\">\n\t\t\t\t<div class=\"elementor-widget-container\">\n\t\t\t\t\t\t\t\t\t<div class=\"elementor-button-wrapper\">\n\t\t\t\t\t<a class=\"elementor-button elementor-button-link elementor-size-sm\" href=\"https:\/\/sni-nord.de\/kontakt\/\">\n\t\t\t\t\t\t<span class=\"elementor-button-content-wrapper\">\n\t\t\t\t\t\t\t\t\t<span class=\"elementor-button-text\">Contact us here<\/span>\n\t\t\t\t\t<\/span>\n\t\t\t\t\t<\/a>\n\t\t\t\t<\/div>\n\t\t\t\t\t\t\t\t<\/div>\n\t\t\t\t<\/div>\n\t\t\t\t\t<\/div>\n\t\t<\/div>\n\t\t\t\t\t<\/div>\n\t\t<\/section>\n\t\t\t\t<section class=\"elementor-section elementor-top-section elementor-element elementor-element-caf72f4 elementor-section-boxed elementor-section-height-default elementor-section-height-default\" data-id=\"caf72f4\" data-element_type=\"section\" data-e-type=\"section\">\n\t\t\t\t\t\t<div class=\"elementor-container elementor-column-gap-default\">\n\t\t\t\t\t<div class=\"elementor-column elementor-col-100 elementor-top-column elementor-element elementor-element-55f6879\" data-id=\"55f6879\" data-element_type=\"column\" data-e-type=\"column\">\n\t\t\t<div class=\"elementor-widget-wrap elementor-element-populated\">\n\t\t\t\t\t\t<div class=\"elementor-element elementor-element-3052335 elementor-widget elementor-widget-spacer\" data-id=\"3052335\" data-element_type=\"widget\" data-e-type=\"widget\" data-widget_type=\"spacer.default\">\n\t\t\t\t<div class=\"elementor-widget-container\">\n\t\t\t\t\t\t\t<div class=\"elementor-spacer\">\n\t\t\t<div class=\"elementor-spacer-inner\"><\/div>\n\t\t<\/div>\n\t\t\t\t\t\t<\/div>\n\t\t\t\t<\/div>\n\t\t\t\t\t<\/div>\n\t\t<\/div>\n\t\t\t\t\t<\/div>\n\t\t<\/section>\n\t\t\t\t<\/div>","protected":false},"excerpt":{"rendered":"<p>Zuverl\u00e4ssige B\u00fchnensysteme mit SNI-Nord Schaffen Sie durch das richtige B\u00fchnensystem mehr Platz in Ihren R\u00e4umen B\u00fchnensysteme sind f\u00fcr die Industrie, gro\u00dfe Lagerhallen und Verkaufsfl\u00e4chen eine sehr gute M\u00f6glichkeit, mehr Platz zu schaffen und gleichzeitig organisiert vorzugehen. Ein ultraleichtes B\u00fchnensystem eignet sich hervorragend f\u00fcr vielseitige logistische Vorhaben und erm\u00f6glicht es Ihnen, ohne weitere Bauma\u00dfnahmen, mehr Platz [&hellip;]<\/p>\n","protected":false},"author":1,"featured_media":0,"parent":205,"menu_order":0,"comment_status":"closed","ping_status":"closed","template":"elementor_header_footer","meta":{"footnotes":""},"class_list":["post-1424","page","type-page","status-publish","hentry"],"_links":{"self":[{"href":"https:\/\/sni-nord.de\/en\/wp-json\/wp\/v2\/pages\/1424","targetHints":{"allow":["GET"]}}],"collection":[{"href":"https:\/\/sni-nord.de\/en\/wp-json\/wp\/v2\/pages"}],"about":[{"href":"https:\/\/sni-nord.de\/en\/wp-json\/wp\/v2\/types\/page"}],"author":[{"embeddable":true,"href":"https:\/\/sni-nord.de\/en\/wp-json\/wp\/v2\/users\/1"}],"replies":[{"embeddable":true,"href":"https:\/\/sni-nord.de\/en\/wp-json\/wp\/v2\/comments?post=1424"}],"version-history":[{"count":26,"href":"https:\/\/sni-nord.de\/en\/wp-json\/wp\/v2\/pages\/1424\/revisions"}],"predecessor-version":[{"id":2408,"href":"https:\/\/sni-nord.de\/en\/wp-json\/wp\/v2\/pages\/1424\/revisions\/2408"}],"up":[{"embeddable":true,"href":"https:\/\/sni-nord.de\/en\/wp-json\/wp\/v2\/pages\/205"}],"wp:attachment":[{"href":"https:\/\/sni-nord.de\/en\/wp-json\/wp\/v2\/media?parent=1424"}],"curies":[{"name":"wp","href":"https:\/\/api.w.org\/{rel}","templated":true}]}}