{"id":188,"date":"2019-11-26T10:45:23","date_gmt":"2019-11-26T10:45:23","guid":{"rendered":"https:\/\/sni-nord.de\/?page_id=188"},"modified":"2025-12-18T13:22:46","modified_gmt":"2025-12-18T13:22:46","slug":"impressum","status":"publish","type":"page","link":"https:\/\/sni-nord.de\/en\/imprint\/","title":{"rendered":"Imprint"},"content":{"rendered":"<div data-elementor-type=\"wp-page\" data-elementor-id=\"188\" class=\"elementor elementor-188\" data-elementor-post-type=\"page\">\n\t\t\t\t\t\t<section class=\"elementor-section elementor-top-section elementor-element elementor-element-52f6efc elementor-section-boxed elementor-section-height-default elementor-section-height-default\" data-id=\"52f6efc\" data-element_type=\"section\" data-e-type=\"section\">\n\t\t\t\t\t\t<div class=\"elementor-container elementor-column-gap-default\">\n\t\t\t\t\t<div class=\"elementor-column elementor-col-100 elementor-top-column elementor-element elementor-element-e18f676\" data-id=\"e18f676\" data-element_type=\"column\" data-e-type=\"column\">\n\t\t\t<div class=\"elementor-widget-wrap elementor-element-populated\">\n\t\t\t\t\t\t<div class=\"elementor-element elementor-element-7331c70 elementor-widget elementor-widget-spacer\" data-id=\"7331c70\" data-element_type=\"widget\" data-e-type=\"widget\" data-widget_type=\"spacer.default\">\n\t\t\t\t<div class=\"elementor-widget-container\">\n\t\t\t\t\t\t\t<div class=\"elementor-spacer\">\n\t\t\t<div class=\"elementor-spacer-inner\"><\/div>\n\t\t<\/div>\n\t\t\t\t\t\t<\/div>\n\t\t\t\t<\/div>\n\t\t\t\t\t<\/div>\n\t\t<\/div>\n\t\t\t\t\t<\/div>\n\t\t<\/section>\n\t\t\t\t<section class=\"elementor-section elementor-top-section elementor-element elementor-element-fac5f28 elementor-section-boxed elementor-section-height-default elementor-section-height-default\" data-id=\"fac5f28\" data-element_type=\"section\" data-e-type=\"section\">\n\t\t\t\t\t\t<div class=\"elementor-container elementor-column-gap-default\">\n\t\t\t\t\t<div class=\"elementor-column elementor-col-33 elementor-top-column elementor-element elementor-element-99c7af5\" data-id=\"99c7af5\" data-element_type=\"column\" data-e-type=\"column\">\n\t\t\t<div class=\"elementor-widget-wrap elementor-element-populated\">\n\t\t\t\t\t\t<div class=\"elementor-element elementor-element-d1e2796 elementor-widget elementor-widget-heading\" data-id=\"d1e2796\" data-element_type=\"widget\" data-e-type=\"widget\" data-widget_type=\"heading.default\">\n\t\t\t\t<div class=\"elementor-widget-container\">\n\t\t\t\t\t<h1 class=\"elementor-heading-title elementor-size-default\">Imprint<\/h1>\t\t\t\t<\/div>\n\t\t\t\t<\/div>\n\t\t\t\t<div class=\"elementor-element elementor-element-fab0ef9 elementor-widget elementor-widget-text-editor\" data-id=\"fab0ef9\" data-element_type=\"widget\" data-e-type=\"widget\" data-widget_type=\"text-editor.default\">\n\t\t\t\t<div class=\"elementor-widget-container\">\n\t\t\t\t\t\t\t\t\t<div class=\"et_pb_module et_pb_text et_pb_text_1 et_pb_bg_layout_light  et_pb_text_align_left\"><div class=\"et_pb_text_inner\"><p>SNI-Nord Regaltechnik GmbH<br \/>Managing Director: Nils Schulze<br \/>B\u00f6ttcherstr. 5<br \/>27793 Wildeshausen<\/p><p>Phone: +49 (0)4431 \u2013 7482748<br \/>Fax: +49 (0)4431 - 7482747<br \/>E-mail: info@sni-nord.de<\/p><p>Value Added Tax Identification Number: <strong>DE283908259<\/strong><\/p><p>Responsible Managing Director: Nils Schulze (Address as above)<\/p><p>Register Court: District Court of Oldenburg<br \/>Registration Number: HRB 206746<\/p><p>Registered specialist company with the IHK Oldenburg, membership number 91120708<\/p><\/div><\/div><div class=\"et_pb_module et_pb_text et_pb_text_2 et_pb_bg_layout_light  et_pb_text_align_left et_had_animation\"><div class=\"et_pb_text_inner\"><p>WebDesign made with <img decoding=\"async\" class=\"emoji\" draggable=\"false\" src=\"https:\/\/s.w.org\/images\/core\/emoji\/11\/svg\/2764.svg\" alt=\"\u2764\" \/> by <a title=\"The online marketing agency from Lohne - Oldenburg\" href=\"https:\/\/seitlicht.de\/\" target=\"_blank\" rel=\"nofollow noopener\">SIDELIGHT<\/a><\/p><\/div><\/div>\t\t\t\t\t\t\t\t<\/div>\n\t\t\t\t<\/div>\n\t\t\t\t\t<\/div>\n\t\t<\/div>\n\t\t\t\t<div class=\"elementor-column elementor-col-66 elementor-top-column elementor-element elementor-element-1bac9f6\" data-id=\"1bac9f6\" data-element_type=\"column\" data-e-type=\"column\">\n\t\t\t<div class=\"elementor-widget-wrap elementor-element-populated\">\n\t\t\t\t\t\t<div class=\"elementor-element elementor-element-c0b0318 elementor-widget elementor-widget-text-editor\" data-id=\"c0b0318\" data-element_type=\"widget\" data-e-type=\"widget\" data-widget_type=\"text-editor.default\">\n\t\t\t\t<div class=\"elementor-widget-container\">\n\t\t\t\t\t\t\t\t\t<h2>Liability for Content<\/h2><p>As a service provider, we are responsible for our own content on these pages in accordance with \u00a7 7 para. 1 of the German Telemedia Act (TMG) under general laws. However, pursuant to \u00a7\u00a7 8 to 10 TMG, we are not obligated as a service provider to monitor transmitted or stored third-party information or to investigate circumstances that indicate illegal activity.<\/p><p>Obligations to remove or block the use of information in accordance with general laws remain unaffected by this. However, liability in this regard is only possible from the moment we become aware of a specific legal violation. Upon becoming aware of such legal violations, we will promptly remove the relevant content.<\/p><h2>Liability for Links<\/h2><p>Our offer contains links to external third-party websites, the content of which we have no influence over. Therefore, we cannot assume any responsibility for this external content. The respective provider or operator of the linked pages is always responsible for their content. The linked pages were checked for possible legal violations at the time of linking. No illegal content was identifiable at the time of linking.<\/p><p>However, permanent monitoring of the content of linked pages is not reasonable without concrete evidence of a legal violation. Upon becoming aware of any legal violations, we will promptly remove such links.<\/p><h2>Copyright<\/h2><p>The content and works created by the site operators on these pages are subject to German copyright law. Duplication, editing, distribution, and any form of utilization outside the limits of copyright law require the written consent of the respective author or creator. Downloads and copies of this site are only permitted for private, non-commercial use.<\/p><p>Insofar as the content on this site was not created by the operator, the copyrights of third parties are respected. In particular, third-party content is marked as such. If you nonetheless become aware of a copyright infringement, we request that you notify us accordingly. Upon becoming aware of any legal violations, we will promptly remove such content.<\/p><h2>Dispute Resolution<\/h2><p>The European Commission provides a platform for online dispute resolution (ODR): <a href=\"https:\/\/ec.europa.eu\/consumers\/odr\" target=\"_blank\" rel=\"nofollow noopener\">https:\/\/ec.europa.eu\/consumers\/odr<\/a>.<br \/>You can find our email address above in the imprint.<\/p><p>We are neither willing nor obligated to participate in dispute resolution proceedings before a consumer arbitration board.<\/p><h4>Photos (c) fotolia.com:<\/h4><p>146175525 - \u00a9 TaigaShots<br \/>176830055 - \u00a9 Robert Kneschke<br \/>86093918 - \u00a9 hit1912<\/p><p>forklift operator at work in warehouse \u00a9 endostock #24665728<br \/>ASU \u00a9 iconshow #34974200<br \/>storage hall \u00a9 Eisenhans #1244521<br \/>Warehouse \u00a9 J\u00fcrgen Effner #7235590<br \/>High-bay warehouse \u00a9 Alterfalter #15181347<br \/>warehouse 3d background \u00a9 tiero #24737045<br \/>Cartons in the warehouse \u00a9 Christian Schwier #16729334<br \/>Warehouse \u00a9 NovoPicsDE #33489522<br \/>HOCHREGAL \u00a9 Sascha F. #5700178<br \/>Cartons in the warehouse \u00a9 Christian Schwier #16730609<br \/>inside of warehouse \u00a9 endostock #8840285<\/p>\t\t\t\t\t\t\t\t<\/div>\n\t\t\t\t<\/div>\n\t\t\t\t\t<\/div>\n\t\t<\/div>\n\t\t\t\t\t<\/div>\n\t\t<\/section>\n\t\t\t\t<section class=\"elementor-section elementor-top-section elementor-element elementor-element-1ec230f elementor-section-boxed elementor-section-height-default elementor-section-height-default\" data-id=\"1ec230f\" data-element_type=\"section\" data-e-type=\"section\">\n\t\t\t\t\t\t<div class=\"elementor-container elementor-column-gap-default\">\n\t\t\t\t\t<div class=\"elementor-column elementor-col-100 elementor-top-column elementor-element elementor-element-dbef77e\" data-id=\"dbef77e\" data-element_type=\"column\" data-e-type=\"column\">\n\t\t\t<div class=\"elementor-widget-wrap elementor-element-populated\">\n\t\t\t\t\t\t<div class=\"elementor-element elementor-element-09a21d8 elementor-widget elementor-widget-spacer\" data-id=\"09a21d8\" data-element_type=\"widget\" data-e-type=\"widget\" data-widget_type=\"spacer.default\">\n\t\t\t\t<div class=\"elementor-widget-container\">\n\t\t\t\t\t\t\t<div class=\"elementor-spacer\">\n\t\t\t<div class=\"elementor-spacer-inner\"><\/div>\n\t\t<\/div>\n\t\t\t\t\t\t<\/div>\n\t\t\t\t<\/div>\n\t\t\t\t\t<\/div>\n\t\t<\/div>\n\t\t\t\t\t<\/div>\n\t\t<\/section>\n\t\t\t\t<\/div>","protected":false},"excerpt":{"rendered":"<p>Impressum SNI-Nord Regaltechnik GmbHGesch\u00e4ftsf\u00fchrer: Nils SchulzeB\u00f6ttcherstr. 527793 Wildeshausen Telefon: +49 (0)4431 \u2013 7482748Telefax: +49 (0)4431 \u2013 7482747E-Mail: info@sni-nord.de Umsatzsteueridentifikationsnummer: DE283908259 Verantwortlicher Gesch\u00e4ftsf\u00fchrer: Nils Schulze (Adresse wie oben) Registergericht: Amtsgericht OldenburgRegisternummer: HRB 206746 Eingetragener Fachbetrieb bei der IHK Oldenburg, Mitgliedsnummer 91120708 WebDesign made with by SEITLICHT Haftung f\u00fcr Inhalte Als Diensteanbieter sind wir gem\u00e4\u00df \u00a7 7 [&hellip;]<\/p>\n","protected":false},"author":1,"featured_media":0,"parent":0,"menu_order":0,"comment_status":"closed","ping_status":"closed","template":"elementor_header_footer","meta":{"footnotes":""},"class_list":["post-188","page","type-page","status-publish","hentry"],"_links":{"self":[{"href":"https:\/\/sni-nord.de\/en\/wp-json\/wp\/v2\/pages\/188","targetHints":{"allow":["GET"]}}],"collection":[{"href":"https:\/\/sni-nord.de\/en\/wp-json\/wp\/v2\/pages"}],"about":[{"href":"https:\/\/sni-nord.de\/en\/wp-json\/wp\/v2\/types\/page"}],"author":[{"embeddable":true,"href":"https:\/\/sni-nord.de\/en\/wp-json\/wp\/v2\/users\/1"}],"replies":[{"embeddable":true,"href":"https:\/\/sni-nord.de\/en\/wp-json\/wp\/v2\/comments?post=188"}],"version-history":[{"count":9,"href":"https:\/\/sni-nord.de\/en\/wp-json\/wp\/v2\/pages\/188\/revisions"}],"predecessor-version":[{"id":2432,"href":"https:\/\/sni-nord.de\/en\/wp-json\/wp\/v2\/pages\/188\/revisions\/2432"}],"wp:attachment":[{"href":"https:\/\/sni-nord.de\/en\/wp-json\/wp\/v2\/media?parent=188"}],"curies":[{"name":"wp","href":"https:\/\/api.w.org\/{rel}","templated":true}]}}