{"id":217,"date":"2019-11-27T08:29:41","date_gmt":"2019-11-27T08:29:41","guid":{"rendered":"https:\/\/sni-nord.de\/?page_id=217"},"modified":"2025-03-17T09:16:33","modified_gmt":"2025-03-17T09:16:33","slug":"treppen-gelaender","status":"publish","type":"page","link":"https:\/\/sni-nord.de\/en\/storage-platforms\/treppen-gelaender\/","title":{"rendered":"Stairs \/ railings"},"content":{"rendered":"<div data-elementor-type=\"wp-page\" data-elementor-id=\"217\" class=\"elementor elementor-217\" data-elementor-post-type=\"page\">\n\t\t\t\t\t\t<section class=\"elementor-section elementor-top-section elementor-element elementor-element-74221cb4 elementor-section-boxed elementor-section-height-default elementor-section-height-default\" data-id=\"74221cb4\" data-element_type=\"section\" data-e-type=\"section\">\n\t\t\t\t\t\t<div class=\"elementor-container elementor-column-gap-default\">\n\t\t\t\t\t<div class=\"elementor-column elementor-col-100 elementor-top-column elementor-element elementor-element-5593dbe3\" data-id=\"5593dbe3\" data-element_type=\"column\" data-e-type=\"column\">\n\t\t\t<div class=\"elementor-widget-wrap elementor-element-populated\">\n\t\t\t\t\t\t<div class=\"elementor-element elementor-element-19f93946 elementor-widget elementor-widget-heading\" data-id=\"19f93946\" data-element_type=\"widget\" data-e-type=\"widget\" data-widget_type=\"heading.default\">\n\t\t\t\t<div class=\"elementor-widget-container\">\n\t\t\t\t\t<h1 class=\"elementor-heading-title elementor-size-default\">Storage platforms with stairs and railings<\/h1>\t\t\t\t<\/div>\n\t\t\t\t<\/div>\n\t\t\t\t<div class=\"elementor-element elementor-element-7e750264 elementor-widget elementor-widget-text-editor\" data-id=\"7e750264\" data-element_type=\"widget\" data-e-type=\"widget\" data-widget_type=\"text-editor.default\">\n\t\t\t\t<div class=\"elementor-widget-container\">\n\t\t\t\t\t\t\t\t\t<h4>Stairs &amp; railings from SNI: standardized or custom-made<\/h4><p>\u00a0<\/p><p>In order to <strong><a title=\"Storage platforms and platform systems\" href=\"\/en\/lagerbuehnen\/\">Storage Platforms<\/a><\/strong> to make optimum use of the <strong>Suitable stairs and railings<\/strong> of course. This is the only way to make the stage systems accessible to employees and staff.<\/p><p>SNI-Nord is your manufacturer and supplier of stairs and stair railings - standardized or custom-made. With <strong>non-slip coating<\/strong> we bring the stairs with a <strong>Pitch angle between 37\u00b0 and 45\u00b0 according to EUROCODE standard<\/strong> to.<\/p><p>\u00a0<\/p><h4>Customized solutions for your storage platform<\/h4><p>On request we manufacture the <strong>Staircase device at SNI-Nord Regaltechnik also according to your special specifications<\/strong> to. The width of the steps can also be customized. The positioning of the warehouse platform stairs is also up to each customer - integration is possible both within the platform area and at the side approach. Here, the respective hall conditions and the workflow of the employees determine the possible direction of access.<\/p>\t\t\t\t\t\t\t\t<\/div>\n\t\t\t\t<\/div>\n\t\t\t\t<div class=\"elementor-element elementor-element-1b418ce4 elementor-widget elementor-widget-spacer\" data-id=\"1b418ce4\" data-element_type=\"widget\" data-e-type=\"widget\" data-widget_type=\"spacer.default\">\n\t\t\t\t<div class=\"elementor-widget-container\">\n\t\t\t\t\t\t\t<div class=\"elementor-spacer\">\n\t\t\t<div class=\"elementor-spacer-inner\"><\/div>\n\t\t<\/div>\n\t\t\t\t\t\t<\/div>\n\t\t\t\t<\/div>\n\t\t\t\t\t<\/div>\n\t\t<\/div>\n\t\t\t\t\t<\/div>\n\t\t<\/section>\n\t\t\t\t<section class=\"elementor-section elementor-top-section elementor-element elementor-element-76996f4 elementor-section-boxed elementor-section-height-default elementor-section-height-default\" data-id=\"76996f4\" data-element_type=\"section\" data-e-type=\"section\">\n\t\t\t\t\t\t<div class=\"elementor-container elementor-column-gap-default\">\n\t\t\t\t\t<div class=\"elementor-column elementor-col-33 elementor-top-column elementor-element elementor-element-d804ad2\" data-id=\"d804ad2\" data-element_type=\"column\" data-e-type=\"column\">\n\t\t\t<div class=\"elementor-widget-wrap elementor-element-populated\">\n\t\t\t\t\t\t<div class=\"elementor-element elementor-element-f0d70d8 elementor-widget elementor-widget-image\" data-id=\"f0d70d8\" data-element_type=\"widget\" data-e-type=\"widget\" alt=\"Lagerb\u00fchne mit Treppe und Gel\u00e4nder als Sonderanfertigung , title\" data-widget_type=\"image.default\">\n\t\t\t\t<div class=\"elementor-widget-container\">\n\t\t\t\t\t\t\t\t\t\t\t\t\t\t\t<img fetchpriority=\"high\" decoding=\"async\" width=\"350\" height=\"263\" src=\"https:\/\/sni-nord.de\/wp-content\/uploads\/2019\/11\/treppen02.jpg\" class=\"attachment-large size-large wp-image-221\" alt=\"stairs\" srcset=\"https:\/\/sni-nord.de\/wp-content\/uploads\/2019\/11\/treppen02.jpg 350w, https:\/\/sni-nord.de\/wp-content\/uploads\/2019\/11\/treppen02-300x225.jpg 300w, https:\/\/sni-nord.de\/wp-content\/uploads\/2019\/11\/treppen02-194x146.jpg 194w, https:\/\/sni-nord.de\/wp-content\/uploads\/2019\/11\/treppen02-50x38.jpg 50w, https:\/\/sni-nord.de\/wp-content\/uploads\/2019\/11\/treppen02-100x75.jpg 100w\" sizes=\"(max-width: 350px) 100vw, 350px\" \/>\t\t\t\t\t\t\t\t\t\t\t\t\t\t\t<\/div>\n\t\t\t\t<\/div>\n\t\t\t\t\t<\/div>\n\t\t<\/div>\n\t\t\t\t<div class=\"elementor-column elementor-col-33 elementor-top-column elementor-element elementor-element-b496a67\" data-id=\"b496a67\" data-element_type=\"column\" data-e-type=\"column\">\n\t\t\t<div class=\"elementor-widget-wrap elementor-element-populated\">\n\t\t\t\t\t\t<div class=\"elementor-element elementor-element-cfa8c57 elementor-widget elementor-widget-image\" data-id=\"cfa8c57\" data-element_type=\"widget\" data-e-type=\"widget\" alt=\"Lagerb\u00fchne mit Treppe und Gel\u00e4nder ,title\" data-widget_type=\"image.default\">\n\t\t\t\t<div class=\"elementor-widget-container\">\n\t\t\t\t\t\t\t\t\t\t\t\t\t\t\t<img decoding=\"async\" width=\"350\" height=\"263\" src=\"https:\/\/sni-nord.de\/wp-content\/uploads\/2019\/11\/treppen01.jpg\" class=\"attachment-large size-large wp-image-220\" alt=\"stairs\" srcset=\"https:\/\/sni-nord.de\/wp-content\/uploads\/2019\/11\/treppen01.jpg 350w, https:\/\/sni-nord.de\/wp-content\/uploads\/2019\/11\/treppen01-300x225.jpg 300w, https:\/\/sni-nord.de\/wp-content\/uploads\/2019\/11\/treppen01-194x146.jpg 194w, https:\/\/sni-nord.de\/wp-content\/uploads\/2019\/11\/treppen01-50x38.jpg 50w, https:\/\/sni-nord.de\/wp-content\/uploads\/2019\/11\/treppen01-100x75.jpg 100w\" sizes=\"(max-width: 350px) 100vw, 350px\" \/>\t\t\t\t\t\t\t\t\t\t\t\t\t\t\t<\/div>\n\t\t\t\t<\/div>\n\t\t\t\t\t<\/div>\n\t\t<\/div>\n\t\t\t\t<div class=\"elementor-column elementor-col-33 elementor-top-column elementor-element elementor-element-61d7874\" data-id=\"61d7874\" data-element_type=\"column\" data-e-type=\"column\">\n\t\t\t<div class=\"elementor-widget-wrap elementor-element-populated\">\n\t\t\t\t\t\t<div class=\"elementor-element elementor-element-9911f29 elementor-widget elementor-widget-image\" data-id=\"9911f29\" data-element_type=\"widget\" data-e-type=\"widget\" alt=\"\u00dcbersicht Gel\u00e4nder-Arten,title\" data-widget_type=\"image.default\">\n\t\t\t\t<div class=\"elementor-widget-container\">\n\t\t\t\t\t\t\t\t\t\t\t\t\t\t\t<img decoding=\"async\" width=\"350\" height=\"181\" src=\"https:\/\/sni-nord.de\/wp-content\/uploads\/2019\/11\/treppen03.jpg\" class=\"attachment-large size-large wp-image-222\" alt=\"stairs\" srcset=\"https:\/\/sni-nord.de\/wp-content\/uploads\/2019\/11\/treppen03.jpg 350w, https:\/\/sni-nord.de\/wp-content\/uploads\/2019\/11\/treppen03-300x155.jpg 300w, https:\/\/sni-nord.de\/wp-content\/uploads\/2019\/11\/treppen03-260x134.jpg 260w, https:\/\/sni-nord.de\/wp-content\/uploads\/2019\/11\/treppen03-50x26.jpg 50w, https:\/\/sni-nord.de\/wp-content\/uploads\/2019\/11\/treppen03-145x75.jpg 145w\" sizes=\"(max-width: 350px) 100vw, 350px\" \/>\t\t\t\t\t\t\t\t\t\t\t\t\t\t\t<\/div>\n\t\t\t\t<\/div>\n\t\t\t\t\t<\/div>\n\t\t<\/div>\n\t\t\t\t\t<\/div>\n\t\t<\/section>\n\t\t\t\t<section class=\"elementor-section elementor-top-section elementor-element elementor-element-80fcd8f elementor-section-boxed elementor-section-height-default elementor-section-height-default\" data-id=\"80fcd8f\" data-element_type=\"section\" data-e-type=\"section\">\n\t\t\t\t\t\t<div class=\"elementor-container elementor-column-gap-default\">\n\t\t\t\t\t<div class=\"elementor-column elementor-col-100 elementor-top-column elementor-element elementor-element-5e1406e\" data-id=\"5e1406e\" data-element_type=\"column\" data-e-type=\"column\">\n\t\t\t<div class=\"elementor-widget-wrap elementor-element-populated\">\n\t\t\t\t\t\t<div class=\"elementor-element elementor-element-52cd945 elementor-widget elementor-widget-spacer\" data-id=\"52cd945\" data-element_type=\"widget\" data-e-type=\"widget\" data-widget_type=\"spacer.default\">\n\t\t\t\t<div class=\"elementor-widget-container\">\n\t\t\t\t\t\t\t<div class=\"elementor-spacer\">\n\t\t\t<div class=\"elementor-spacer-inner\"><\/div>\n\t\t<\/div>\n\t\t\t\t\t\t<\/div>\n\t\t\t\t<\/div>\n\t\t\t\t<div class=\"elementor-element elementor-element-4b92cf3 elementor-widget elementor-widget-text-editor\" data-id=\"4b92cf3\" data-element_type=\"widget\" data-e-type=\"widget\" data-widget_type=\"text-editor.default\">\n\t\t\t\t<div class=\"elementor-widget-container\">\n\t\t\t\t\t\t\t\t\t<h4>Stairs for storage platforms from SNI-Nord<\/h4><ul><li>45\u00b0 \/ 37\u00b0 (EUROCODE standard) or special design<\/li><li>Step width as required<\/li><li>Step designs: Grating, hardwood, tear plate<\/li><\/ul><h4>\u00a0<\/h4><h4>Stair railings for storage platforms<\/h4><p>In addition to the stairs and the right <a title=\"Stage covering\" href=\"\/en\/lagerbuehnen\/bodenbelaege-buehnenbelaege\/\">Floor covering<\/a> is that <strong>Railings are another important component of the storage platforms<\/strong>. Screwed to the floor, the stair railing provides the right <strong>Stop when entering the individual steps to the stage<\/strong>. With <strong>ergonomic handrails<\/strong> This enables employees to access the staircase structure quickly and safely.<\/p><h4>\u00a0<\/h4><h4>Platform systems with stairs and railings from SNI-Nord<\/h4><p>We are your specialist in the field of storage platforms and will realize your project reliably, safely and efficiently. We customize our storage platforms as well as stairs, railings and floor coverings. <strong>to your requirements and individual circumstances<\/strong> and thus create maximum space in your room.<\/p><p>Do you have any questions or would you like to have your project implemented quickly and reliably? Then contact us! Thanks to Germany-wide service points, we are <strong>quickly on site<\/strong>.<\/p>\t\t\t\t\t\t\t\t<\/div>\n\t\t\t\t<\/div>\n\t\t\t\t<div class=\"elementor-element elementor-element-413f471 elementor-widget elementor-widget-spacer\" data-id=\"413f471\" data-element_type=\"widget\" data-e-type=\"widget\" data-widget_type=\"spacer.default\">\n\t\t\t\t<div class=\"elementor-widget-container\">\n\t\t\t\t\t\t\t<div class=\"elementor-spacer\">\n\t\t\t<div class=\"elementor-spacer-inner\"><\/div>\n\t\t<\/div>\n\t\t\t\t\t\t<\/div>\n\t\t\t\t<\/div>\n\t\t\t\t\t<\/div>\n\t\t<\/div>\n\t\t\t\t\t<\/div>\n\t\t<\/section>\n\t\t\t\t<\/div>","protected":false},"excerpt":{"rendered":"<p>Lagerb\u00fchnen mit Treppen und Gel\u00e4ndern Treppen &amp; Gel\u00e4nder von SNI: genormt oder als Sonderanfertigung \u00a0 Um Ihre Lagerb\u00fchnen optimal nutzen zu k\u00f6nnen, d\u00fcrfen die passenden Treppen und Gel\u00e4nder nat\u00fcrlich nicht fehlen. Denn nur so werden die B\u00fchnensysteme f\u00fcr Arbeitnehmer und Personal zug\u00e4ngig. SNI-Nord ist Ihr Hersteller und Lieferant von Treppen und Treppengel\u00e4ndern \u2013 genormt oder [&hellip;]<\/p>\n","protected":false},"author":1,"featured_media":0,"parent":205,"menu_order":0,"comment_status":"closed","ping_status":"closed","template":"elementor_header_footer","meta":{"footnotes":""},"class_list":["post-217","page","type-page","status-publish","hentry"],"_links":{"self":[{"href":"https:\/\/sni-nord.de\/en\/wp-json\/wp\/v2\/pages\/217","targetHints":{"allow":["GET"]}}],"collection":[{"href":"https:\/\/sni-nord.de\/en\/wp-json\/wp\/v2\/pages"}],"about":[{"href":"https:\/\/sni-nord.de\/en\/wp-json\/wp\/v2\/types\/page"}],"author":[{"embeddable":true,"href":"https:\/\/sni-nord.de\/en\/wp-json\/wp\/v2\/users\/1"}],"replies":[{"embeddable":true,"href":"https:\/\/sni-nord.de\/en\/wp-json\/wp\/v2\/comments?post=217"}],"version-history":[{"count":6,"href":"https:\/\/sni-nord.de\/en\/wp-json\/wp\/v2\/pages\/217\/revisions"}],"predecessor-version":[{"id":1593,"href":"https:\/\/sni-nord.de\/en\/wp-json\/wp\/v2\/pages\/217\/revisions\/1593"}],"up":[{"embeddable":true,"href":"https:\/\/sni-nord.de\/en\/wp-json\/wp\/v2\/pages\/205"}],"wp:attachment":[{"href":"https:\/\/sni-nord.de\/en\/wp-json\/wp\/v2\/media?parent=217"}],"curies":[{"name":"wp","href":"https:\/\/api.w.org\/{rel}","templated":true}]}}