{"id":278,"date":"2019-11-28T14:28:22","date_gmt":"2019-11-28T14:28:22","guid":{"rendered":"https:\/\/sni-nord.de\/?page_id=278"},"modified":"2024-08-19T06:51:04","modified_gmt":"2024-08-19T06:51:04","slug":"ueber-uns","status":"publish","type":"page","link":"https:\/\/sni-nord.de\/en\/about-us\/","title":{"rendered":"About Us"},"content":{"rendered":"<div data-elementor-type=\"wp-page\" data-elementor-id=\"278\" class=\"elementor elementor-278\" data-elementor-post-type=\"page\">\n\t\t\t\t\t\t<section class=\"elementor-section elementor-top-section elementor-element elementor-element-5c6d0bd elementor-section-boxed elementor-section-height-default elementor-section-height-default\" data-id=\"5c6d0bd\" data-element_type=\"section\" data-e-type=\"section\" data-no-translation=\"\">\n\t\t\t\t\t\t<div class=\"elementor-container elementor-column-gap-default\">\n\t\t\t\t\t<div class=\"elementor-column elementor-col-100 elementor-top-column elementor-element elementor-element-bc72562\" data-id=\"bc72562\" data-element_type=\"column\" data-e-type=\"column\">\n\t\t\t<div class=\"elementor-widget-wrap elementor-element-populated\">\n\t\t\t\t\t\t<div class=\"elementor-element elementor-element-332c67a elementor-widget elementor-widget-heading\" data-id=\"332c67a\" data-element_type=\"widget\" data-e-type=\"widget\" data-widget_type=\"heading.default\">\n\t\t\t\t<div class=\"elementor-widget-container\">\n\t\t\t\t\t<h1 class=\"elementor-heading-title elementor-size-default\">SNI Nord<\/h1>\t\t\t\t<\/div>\n\t\t\t\t<\/div>\n\t\t\t\t<div class=\"elementor-element elementor-element-db4054a elementor-align-center elementor-hidden-desktop elementor-hidden-tablet elementor-hidden-mobile elementor-icon-list--layout-traditional elementor-list-item-link-full_width elementor-widget elementor-widget-icon-list\" data-id=\"db4054a\" data-element_type=\"widget\" data-e-type=\"widget\" data-widget_type=\"icon-list.default\">\n\t\t\t\t<div class=\"elementor-widget-container\">\n\t\t\t\t\t\t\t<ul class=\"elementor-icon-list-items\">\n\t\t\t\t\t\t\t<li class=\"elementor-icon-list-item\">\n\t\t\t\t\t\t\t\t\t\t<span class=\"elementor-icon-list-text\">SNI Nord<\/span>\n\t\t\t\t\t\t\t\t\t<\/li>\n\t\t\t\t\t\t<\/ul>\n\t\t\t\t\t\t<\/div>\n\t\t\t\t<\/div>\n\t\t\t\t<div class=\"elementor-element elementor-element-8ee0e6c elementor-widget elementor-widget-text-editor\" data-id=\"8ee0e6c\" data-element_type=\"widget\" data-e-type=\"widget\" data-widget_type=\"text-editor.default\">\n\t\t\t\t<div class=\"elementor-widget-container\">\n\t\t\t\t\t\t\t\t\t<div class=\"et_pb_column et_pb_column_1_2 et_pb_column_4 et_pb_css_mix_blend_mode_passthrough\"><div class=\"et_pb_module et_pb_text et_pb_text_1 et_pb_bg_layout_light et_pb_text_align_left\"><div class=\"et_pb_text_inner\"><p data-pm-slice=\"1 1 []\">SNI is an independent specialist company for the inspection, maintenance, and repair of shelving systems, based in Wildeshausen (Lower Saxony). As trained shelving inspectors, we collaborate with design and engineering offices as well as specialized companies. We prepare damage reports and repair protocols. Additional services include the assembly and disassembly of shelving systems.<\/p><p>Since February 5, 2015, SNI has been a registered trademark in Germany (No. 30 2014074369). We operate according to DIN EN ISO 9001:2008 to avoid potential sources of error wherever possible. This enables us to guarantee our customers a consistently high standard of quality.<\/p><\/div><\/div><\/div>\t\t\t\t\t\t\t\t<\/div>\n\t\t\t\t<\/div>\n\t\t\t\t\t<\/div>\n\t\t<\/div>\n\t\t\t\t\t<\/div>\n\t\t<\/section>\n\t\t\t\t<section class=\"elementor-section elementor-top-section elementor-element elementor-element-64a3df5f elementor-section-boxed elementor-section-height-default elementor-section-height-default\" data-id=\"64a3df5f\" data-element_type=\"section\" data-e-type=\"section\">\n\t\t\t\t\t\t<div class=\"elementor-container elementor-column-gap-default\">\n\t\t\t\t\t<div class=\"elementor-column elementor-col-100 elementor-top-column elementor-element elementor-element-494eabcb\" data-id=\"494eabcb\" data-element_type=\"column\" data-e-type=\"column\">\n\t\t\t<div class=\"elementor-widget-wrap elementor-element-populated\">\n\t\t\t\t\t\t<div class=\"elementor-element elementor-element-12677c8c elementor-widget elementor-widget-spacer\" data-id=\"12677c8c\" data-element_type=\"widget\" data-e-type=\"widget\" data-widget_type=\"spacer.default\">\n\t\t\t\t<div class=\"elementor-widget-container\">\n\t\t\t\t\t\t\t<div class=\"elementor-spacer\">\n\t\t\t<div class=\"elementor-spacer-inner\"><\/div>\n\t\t<\/div>\n\t\t\t\t\t\t<\/div>\n\t\t\t\t<\/div>\n\t\t\t\t\t<\/div>\n\t\t<\/div>\n\t\t\t\t\t<\/div>\n\t\t<\/section>\n\t\t\t\t<section class=\"elementor-section elementor-top-section elementor-element elementor-element-aa98995 elementor-section-boxed elementor-section-height-default elementor-section-height-default\" data-id=\"aa98995\" data-element_type=\"section\" data-e-type=\"section\" data-no-translation=\"\">\n\t\t\t\t\t\t<div class=\"elementor-container elementor-column-gap-default\">\n\t\t\t\t\t<div class=\"elementor-column elementor-col-100 elementor-top-column elementor-element elementor-element-3557fb3\" data-id=\"3557fb3\" data-element_type=\"column\" data-e-type=\"column\">\n\t\t\t<div class=\"elementor-widget-wrap elementor-element-populated\">\n\t\t\t\t\t\t<div class=\"elementor-element elementor-element-e9ad6ce elementor-widget elementor-widget-spacer\" data-id=\"e9ad6ce\" data-element_type=\"widget\" data-e-type=\"widget\" data-widget_type=\"spacer.default\">\n\t\t\t\t<div class=\"elementor-widget-container\">\n\t\t\t\t\t\t\t<div class=\"elementor-spacer\">\n\t\t\t<div class=\"elementor-spacer-inner\"><\/div>\n\t\t<\/div>\n\t\t\t\t\t\t<\/div>\n\t\t\t\t<\/div>\n\t\t\t\t<div class=\"elementor-element elementor-element-c97f1a2 elementor-widget elementor-widget-heading\" data-id=\"c97f1a2\" data-element_type=\"widget\" data-e-type=\"widget\" data-widget_type=\"heading.default\">\n\t\t\t\t<div class=\"elementor-widget-container\">\n\t\t\t\t\t<h2 class=\"elementor-heading-title elementor-size-default\">Certificates<\/h2>\t\t\t\t<\/div>\n\t\t\t\t<\/div>\n\t\t\t\t\t<\/div>\n\t\t<\/div>\n\t\t\t\t\t<\/div>\n\t\t<\/section>\n\t\t\t\t<section class=\"elementor-section elementor-top-section elementor-element elementor-element-1d6aa14c elementor-section-boxed elementor-section-height-default elementor-section-height-default\" data-id=\"1d6aa14c\" data-element_type=\"section\" data-e-type=\"section\">\n\t\t\t\t\t\t<div class=\"elementor-container elementor-column-gap-default\">\n\t\t\t\t\t<div class=\"elementor-column elementor-col-100 elementor-top-column elementor-element elementor-element-47224fdd\" data-id=\"47224fdd\" data-element_type=\"column\" data-e-type=\"column\">\n\t\t\t<div class=\"elementor-widget-wrap elementor-element-populated\">\n\t\t\t\t\t\t<div class=\"elementor-element elementor-element-636d5cab elementor-widget elementor-widget-spacer\" data-id=\"636d5cab\" data-element_type=\"widget\" data-e-type=\"widget\" data-widget_type=\"spacer.default\">\n\t\t\t\t<div class=\"elementor-widget-container\">\n\t\t\t\t\t\t\t<div class=\"elementor-spacer\">\n\t\t\t<div class=\"elementor-spacer-inner\"><\/div>\n\t\t<\/div>\n\t\t\t\t\t\t<\/div>\n\t\t\t\t<\/div>\n\t\t\t\t\t<\/div>\n\t\t<\/div>\n\t\t\t\t\t<\/div>\n\t\t<\/section>\n\t\t\t\t<section class=\"elementor-section elementor-top-section elementor-element elementor-element-df8ee32 elementor-section-boxed elementor-section-height-default elementor-section-height-default\" data-id=\"df8ee32\" data-element_type=\"section\" data-e-type=\"section\">\n\t\t\t\t\t\t<div class=\"elementor-container elementor-column-gap-default\">\n\t\t\t\t\t<div class=\"elementor-column elementor-col-25 elementor-top-column elementor-element elementor-element-e8c1a84\" data-id=\"e8c1a84\" data-element_type=\"column\" data-e-type=\"column\">\n\t\t\t<div class=\"elementor-widget-wrap elementor-element-populated\">\n\t\t\t\t\t\t<div class=\"elementor-element elementor-element-493b90b elementor-widget elementor-widget-image\" data-id=\"493b90b\" data-element_type=\"widget\" data-e-type=\"widget\" data-widget_type=\"image.default\">\n\t\t\t\t<div class=\"elementor-widget-container\">\n\t\t\t\t\t\t\t\t\t\t\t\t\t\t\t<img fetchpriority=\"high\" decoding=\"async\" width=\"595\" height=\"800\" src=\"https:\/\/sni-nord.de\/wp-content\/uploads\/2019\/11\/zertifikat-2.jpg\" class=\"attachment-large size-large wp-image-161\" alt=\"T\u00dcV Rheinland certificate\" srcset=\"https:\/\/sni-nord.de\/wp-content\/uploads\/2019\/11\/zertifikat-2.jpg 595w, https:\/\/sni-nord.de\/wp-content\/uploads\/2019\/11\/zertifikat-2-223x300.jpg 223w, https:\/\/sni-nord.de\/wp-content\/uploads\/2019\/11\/zertifikat-2-109x146.jpg 109w, https:\/\/sni-nord.de\/wp-content\/uploads\/2019\/11\/zertifikat-2-37x50.jpg 37w, https:\/\/sni-nord.de\/wp-content\/uploads\/2019\/11\/zertifikat-2-56x75.jpg 56w\" sizes=\"(max-width: 595px) 100vw, 595px\" \/>\t\t\t\t\t\t\t\t\t\t\t\t\t\t\t<\/div>\n\t\t\t\t<\/div>\n\t\t\t\t\t<\/div>\n\t\t<\/div>\n\t\t\t\t<div class=\"elementor-column elementor-col-25 elementor-top-column elementor-element elementor-element-0d451b9\" data-id=\"0d451b9\" data-element_type=\"column\" data-e-type=\"column\">\n\t\t\t<div class=\"elementor-widget-wrap elementor-element-populated\">\n\t\t\t\t\t\t<div class=\"elementor-element elementor-element-e6a3387 elementor-widget elementor-widget-image\" data-id=\"e6a3387\" data-element_type=\"widget\" data-e-type=\"widget\" data-widget_type=\"image.default\">\n\t\t\t\t<div class=\"elementor-widget-container\">\n\t\t\t\t\t\t\t\t\t\t\t\t\t\t\t<img decoding=\"async\" width=\"600\" height=\"851\" src=\"https:\/\/sni-nord.de\/wp-content\/uploads\/2019\/11\/Urkunde-1-2.jpg\" class=\"attachment-large size-large wp-image-157\" alt=\"Certificate Federal Republic of Germany\" srcset=\"https:\/\/sni-nord.de\/wp-content\/uploads\/2019\/11\/Urkunde-1-2.jpg 600w, https:\/\/sni-nord.de\/wp-content\/uploads\/2019\/11\/Urkunde-1-2-212x300.jpg 212w, https:\/\/sni-nord.de\/wp-content\/uploads\/2019\/11\/Urkunde-1-2-8x12.jpg 8w\" sizes=\"(max-width: 600px) 100vw, 600px\" \/>\t\t\t\t\t\t\t\t\t\t\t\t\t\t\t<\/div>\n\t\t\t\t<\/div>\n\t\t\t\t\t<\/div>\n\t\t<\/div>\n\t\t\t\t<div class=\"elementor-column elementor-col-25 elementor-top-column elementor-element elementor-element-8bf6227\" data-id=\"8bf6227\" data-element_type=\"column\" data-e-type=\"column\">\n\t\t\t<div class=\"elementor-widget-wrap elementor-element-populated\">\n\t\t\t\t\t\t<div class=\"elementor-element elementor-element-2a096e6 elementor-widget elementor-widget-image\" data-id=\"2a096e6\" data-element_type=\"widget\" data-e-type=\"widget\" data-widget_type=\"image.default\">\n\t\t\t\t<div class=\"elementor-widget-container\">\n\t\t\t\t\t\t\t\t\t\t\t\t\t\t\t<img decoding=\"async\" width=\"595\" height=\"841\" src=\"https:\/\/sni-nord.de\/wp-content\/uploads\/2019\/11\/ZERT_ISO9001-2015_SNI-Nord-Regaltechnik-GmbH.jpg\" class=\"attachment-large size-large wp-image-159\" alt=\"Quality management certificate\" srcset=\"https:\/\/sni-nord.de\/wp-content\/uploads\/2019\/11\/ZERT_ISO9001-2015_SNI-Nord-Regaltechnik-GmbH.jpg 595w, https:\/\/sni-nord.de\/wp-content\/uploads\/2019\/11\/ZERT_ISO9001-2015_SNI-Nord-Regaltechnik-GmbH-212x300.jpg 212w, https:\/\/sni-nord.de\/wp-content\/uploads\/2019\/11\/ZERT_ISO9001-2015_SNI-Nord-Regaltechnik-GmbH-8x12.jpg 8w\" sizes=\"(max-width: 595px) 100vw, 595px\" \/>\t\t\t\t\t\t\t\t\t\t\t\t\t\t\t<\/div>\n\t\t\t\t<\/div>\n\t\t\t\t\t<\/div>\n\t\t<\/div>\n\t\t\t\t<div class=\"elementor-column elementor-col-25 elementor-top-column elementor-element elementor-element-9878b6a\" data-id=\"9878b6a\" data-element_type=\"column\" data-e-type=\"column\">\n\t\t\t<div class=\"elementor-widget-wrap elementor-element-populated\">\n\t\t\t\t\t\t<div class=\"elementor-element elementor-element-09014fd elementor-widget elementor-widget-image\" data-id=\"09014fd\" data-element_type=\"widget\" data-e-type=\"widget\" data-widget_type=\"image.default\">\n\t\t\t\t<div class=\"elementor-widget-container\">\n\t\t\t\t\t\t\t\t\t\t\t\t\t\t\t<img loading=\"lazy\" decoding=\"async\" width=\"478\" height=\"685\" src=\"https:\/\/sni-nord.de\/wp-content\/uploads\/2019\/11\/dekra.jpg\" class=\"attachment-large size-large wp-image-162\" alt=\"Dekra test certificate\" srcset=\"https:\/\/sni-nord.de\/wp-content\/uploads\/2019\/11\/dekra.jpg 478w, https:\/\/sni-nord.de\/wp-content\/uploads\/2019\/11\/dekra-209x300.jpg 209w, https:\/\/sni-nord.de\/wp-content\/uploads\/2019\/11\/dekra-8x12.jpg 8w\" sizes=\"(max-width: 478px) 100vw, 478px\" \/>\t\t\t\t\t\t\t\t\t\t\t\t\t\t\t<\/div>\n\t\t\t\t<\/div>\n\t\t\t\t\t<\/div>\n\t\t<\/div>\n\t\t\t\t\t<\/div>\n\t\t<\/section>\n\t\t\t\t<section class=\"elementor-section elementor-top-section elementor-element elementor-element-c9e62f5 elementor-section-boxed elementor-section-height-default elementor-section-height-default\" data-id=\"c9e62f5\" data-element_type=\"section\" data-e-type=\"section\">\n\t\t\t\t\t\t<div class=\"elementor-container elementor-column-gap-default\">\n\t\t\t\t\t<div class=\"elementor-column elementor-col-25 elementor-top-column elementor-element elementor-element-f3e6121\" data-id=\"f3e6121\" data-element_type=\"column\" data-e-type=\"column\">\n\t\t\t<div class=\"elementor-widget-wrap\">\n\t\t\t\t\t\t\t<\/div>\n\t\t<\/div>\n\t\t\t\t<div class=\"elementor-column elementor-col-25 elementor-top-column elementor-element elementor-element-70d219b\" data-id=\"70d219b\" data-element_type=\"column\" data-e-type=\"column\">\n\t\t\t<div class=\"elementor-widget-wrap elementor-element-populated\">\n\t\t\t\t\t\t<div class=\"elementor-element elementor-element-3e5da15 elementor-widget elementor-widget-image\" data-id=\"3e5da15\" data-element_type=\"widget\" data-e-type=\"widget\" data-widget_type=\"image.default\">\n\t\t\t\t<div class=\"elementor-widget-container\">\n\t\t\t\t\t\t\t\t\t\t\t\t\t\t\t<img loading=\"lazy\" decoding=\"async\" width=\"172\" height=\"210\" src=\"https:\/\/sni-nord.de\/wp-content\/uploads\/2019\/11\/pruefsiegel-2012-e1406774543433-2.png\" class=\"attachment-large size-large wp-image-155\" alt=\"SNI Nord test certificate DEKRA\" srcset=\"https:\/\/sni-nord.de\/wp-content\/uploads\/2019\/11\/pruefsiegel-2012-e1406774543433-2.png 172w, https:\/\/sni-nord.de\/wp-content\/uploads\/2019\/11\/pruefsiegel-2012-e1406774543433-2-120x146.png 120w, https:\/\/sni-nord.de\/wp-content\/uploads\/2019\/11\/pruefsiegel-2012-e1406774543433-2-41x50.png 41w, https:\/\/sni-nord.de\/wp-content\/uploads\/2019\/11\/pruefsiegel-2012-e1406774543433-2-61x75.png 61w\" sizes=\"(max-width: 172px) 100vw, 172px\" \/>\t\t\t\t\t\t\t\t\t\t\t\t\t\t\t<\/div>\n\t\t\t\t<\/div>\n\t\t\t\t\t<\/div>\n\t\t<\/div>\n\t\t\t\t<div class=\"elementor-column elementor-col-25 elementor-top-column elementor-element elementor-element-89c207e\" data-id=\"89c207e\" data-element_type=\"column\" data-e-type=\"column\">\n\t\t\t<div class=\"elementor-widget-wrap elementor-element-populated\">\n\t\t\t\t\t\t<div class=\"elementor-element elementor-element-6426749 elementor-widget elementor-widget-image\" data-id=\"6426749\" data-element_type=\"widget\" data-e-type=\"widget\" data-widget_type=\"image.default\">\n\t\t\t\t<div class=\"elementor-widget-container\">\n\t\t\t\t\t\t\t\t\t\t\t\t\t\t\t<img loading=\"lazy\" decoding=\"async\" width=\"149\" height=\"149\" src=\"https:\/\/sni-nord.de\/wp-content\/uploads\/2019\/11\/SNI-Nord_Siegel_zertifizierter-Sachverstaendiger_sidebar-e1406776207886-2.gif\" class=\"attachment-large size-large wp-image-156\" alt=\"certificate expert\" srcset=\"https:\/\/sni-nord.de\/wp-content\/uploads\/2019\/11\/SNI-Nord_Siegel_zertifizierter-Sachverstaendiger_sidebar-e1406776207886-2.gif 149w, https:\/\/sni-nord.de\/wp-content\/uploads\/2019\/11\/SNI-Nord_Siegel_zertifizierter-Sachverstaendiger_sidebar-e1406776207886-2-146x146.gif 146w, https:\/\/sni-nord.de\/wp-content\/uploads\/2019\/11\/SNI-Nord_Siegel_zertifizierter-Sachverstaendiger_sidebar-e1406776207886-2-50x50.gif 50w, https:\/\/sni-nord.de\/wp-content\/uploads\/2019\/11\/SNI-Nord_Siegel_zertifizierter-Sachverstaendiger_sidebar-e1406776207886-2-75x75.gif 75w, https:\/\/sni-nord.de\/wp-content\/uploads\/2019\/11\/SNI-Nord_Siegel_zertifizierter-Sachverstaendiger_sidebar-e1406776207886-2-85x85.gif 85w, https:\/\/sni-nord.de\/wp-content\/uploads\/2019\/11\/SNI-Nord_Siegel_zertifizierter-Sachverstaendiger_sidebar-e1406776207886-2-80x80.gif 80w\" sizes=\"(max-width: 149px) 100vw, 149px\" \/>\t\t\t\t\t\t\t\t\t\t\t\t\t\t\t<\/div>\n\t\t\t\t<\/div>\n\t\t\t\t\t<\/div>\n\t\t<\/div>\n\t\t\t\t<div class=\"elementor-column elementor-col-25 elementor-top-column elementor-element elementor-element-dde0f37\" data-id=\"dde0f37\" data-element_type=\"column\" data-e-type=\"column\">\n\t\t\t<div class=\"elementor-widget-wrap\">\n\t\t\t\t\t\t\t<\/div>\n\t\t<\/div>\n\t\t\t\t\t<\/div>\n\t\t<\/section>\n\t\t\t\t<section class=\"elementor-section elementor-top-section elementor-element elementor-element-18bb3cc elementor-section-boxed elementor-section-height-default elementor-section-height-default\" data-id=\"18bb3cc\" data-element_type=\"section\" data-e-type=\"section\">\n\t\t\t\t\t\t<div class=\"elementor-container elementor-column-gap-default\">\n\t\t\t\t\t<div class=\"elementor-column elementor-col-100 elementor-top-column elementor-element elementor-element-6854be7\" data-id=\"6854be7\" data-element_type=\"column\" data-e-type=\"column\">\n\t\t\t<div class=\"elementor-widget-wrap elementor-element-populated\">\n\t\t\t\t\t\t<div class=\"elementor-element elementor-element-acdd399 elementor-widget elementor-widget-spacer\" data-id=\"acdd399\" data-element_type=\"widget\" data-e-type=\"widget\" data-widget_type=\"spacer.default\">\n\t\t\t\t<div class=\"elementor-widget-container\">\n\t\t\t\t\t\t\t<div class=\"elementor-spacer\">\n\t\t\t<div class=\"elementor-spacer-inner\"><\/div>\n\t\t<\/div>\n\t\t\t\t\t\t<\/div>\n\t\t\t\t<\/div>\n\t\t\t\t\t<\/div>\n\t\t<\/div>\n\t\t\t\t\t<\/div>\n\t\t<\/section>\n\t\t\t\t<\/div>","protected":false},"excerpt":{"rendered":"<p>SNI Nord SNI Nord SNI ist ein herstellerunabh\u00e4ngiger Fachbetrieb f\u00fcr die Inspektion, Wartung und Instandsetzungvon Regalsystemen, ans\u00e4ssig in Wildeshausen (Niedersachsen). Als geschulte Regalinspekteure arbeiten wir mit Konstruktions- und Entwicklungsb\u00fcros sowie mit spezialisierten Firmen zusammen. Wir erstellen Schadensprotokolle und Reparaturprotokolle. Weitere Dienstleistungen: Auf- und Abbau von Regalanlagen. Seit dem 05.02.15 ist SNI eine in Deutschland eingetragene [&hellip;]<\/p>\n","protected":false},"author":1,"featured_media":0,"parent":0,"menu_order":0,"comment_status":"closed","ping_status":"closed","template":"elementor_header_footer","meta":{"footnotes":""},"class_list":["post-278","page","type-page","status-publish","hentry"],"_links":{"self":[{"href":"https:\/\/sni-nord.de\/en\/wp-json\/wp\/v2\/pages\/278","targetHints":{"allow":["GET"]}}],"collection":[{"href":"https:\/\/sni-nord.de\/en\/wp-json\/wp\/v2\/pages"}],"about":[{"href":"https:\/\/sni-nord.de\/en\/wp-json\/wp\/v2\/types\/page"}],"author":[{"embeddable":true,"href":"https:\/\/sni-nord.de\/en\/wp-json\/wp\/v2\/users\/1"}],"replies":[{"embeddable":true,"href":"https:\/\/sni-nord.de\/en\/wp-json\/wp\/v2\/comments?post=278"}],"version-history":[{"count":6,"href":"https:\/\/sni-nord.de\/en\/wp-json\/wp\/v2\/pages\/278\/revisions"}],"predecessor-version":[{"id":1749,"href":"https:\/\/sni-nord.de\/en\/wp-json\/wp\/v2\/pages\/278\/revisions\/1749"}],"wp:attachment":[{"href":"https:\/\/sni-nord.de\/en\/wp-json\/wp\/v2\/media?parent=278"}],"curies":[{"name":"wp","href":"https:\/\/api.w.org\/{rel}","templated":true}]}}