{"id":308,"date":"2020-04-28T05:46:05","date_gmt":"2020-04-28T05:46:05","guid":{"rendered":"https:\/\/sni-nord.de\/?page_id=308"},"modified":"2025-12-18T11:56:19","modified_gmt":"2025-12-18T11:56:19","slug":"inspektion-flurfoerderzeuge","status":"publish","type":"page","link":"https:\/\/sni-nord.de\/en\/rack-inspection\/further-uvv-inspections\/inspections-of-industrial-trucks\/","title":{"rendered":"UVV Inspections of Industrial Trucks"},"content":{"rendered":"<div data-elementor-type=\"wp-page\" data-elementor-id=\"308\" class=\"elementor elementor-308\" data-elementor-post-type=\"page\">\n\t\t\t\t\t\t<section class=\"elementor-section elementor-top-section elementor-element elementor-element-bcd1f87 elementor-section-boxed elementor-section-height-default elementor-section-height-default\" data-id=\"bcd1f87\" data-element_type=\"section\" data-e-type=\"section\" data-no-translation=\"\">\n\t\t\t\t\t\t<div class=\"elementor-container elementor-column-gap-default\">\n\t\t\t\t\t<div class=\"elementor-column elementor-col-50 elementor-top-column elementor-element elementor-element-3dce851\" data-id=\"3dce851\" data-element_type=\"column\" data-e-type=\"column\">\n\t\t\t<div class=\"elementor-widget-wrap elementor-element-populated\">\n\t\t\t\t\t\t<div class=\"elementor-element elementor-element-34f6ad6 elementor-widget elementor-widget-heading\" data-id=\"34f6ad6\" data-element_type=\"widget\" data-e-type=\"widget\" data-widget_type=\"heading.default\">\n\t\t\t\t<div class=\"elementor-widget-container\">\n\t\t\t\t\t<h1 class=\"elementor-heading-title elementor-size-default\">Testing of industrial trucks\n<\/h1>\t\t\t\t<\/div>\n\t\t\t\t<\/div>\n\t\t\t\t<div class=\"elementor-element elementor-element-563150b elementor-widget elementor-widget-text-editor\" data-id=\"563150b\" data-element_type=\"widget\" data-e-type=\"widget\" data-widget_type=\"text-editor.default\">\n\t\t\t\t<div class=\"elementor-widget-container\">\n\t\t\t\t\t\t\t\t\t<h2 data-pm-slice=\"1 1 []\">Inspection of Industrial Trucks According to DGUV V 68 \/ FEM 4.004 (Formerly UVV or BGV)<\/h2><p>Anyone operating industrial trucks (FFZ) in Germany is legally required to have them inspected for safety and functionality at least once a year. Safe operation of FFZ is only possible by ensuring they are in perfect technical condition.<\/p><p>SNI-Nord GmbH carries out the recurring inspection of industrial trucks according to DGUV V 68 (formerly UVV or BGV inspection) professionally and competently\u2014independent of the manufacturer and across Germany!<\/p><p>Our qualified staff conducts inspections of pallet trucks, forklifts, and other industrial trucks according to FEM 4.004, including documentation and issuance of the inspection certificate. This way, we help you comply with the statutory accident prevention regulations and avoid any regulatory offenses.<\/p>\t\t\t\t\t\t\t\t<\/div>\n\t\t\t\t<\/div>\n\t\t\t\t\t<\/div>\n\t\t<\/div>\n\t\t\t\t<div class=\"elementor-column elementor-col-50 elementor-top-column elementor-element elementor-element-22f9628\" data-id=\"22f9628\" data-element_type=\"column\" data-e-type=\"column\" data-settings=\"{&quot;background_background&quot;:&quot;classic&quot;}\">\n\t\t\t<div class=\"elementor-widget-wrap elementor-element-populated\">\n\t\t\t\t\t\t<div class=\"elementor-element elementor-element-145ca2c elementor-icon-list--layout-traditional elementor-list-item-link-full_width elementor-widget elementor-widget-icon-list\" data-id=\"145ca2c\" data-element_type=\"widget\" data-e-type=\"widget\" data-widget_type=\"icon-list.default\">\n\t\t\t\t<div class=\"elementor-widget-container\">\n\t\t\t\t\t\t\t<ul class=\"elementor-icon-list-items\">\n\t\t\t\t\t\t\t<li class=\"elementor-icon-list-item\">\n\t\t\t\t\t\t\t\t\t\t\t<span class=\"elementor-icon-list-icon\">\n\t\t\t\t\t\t\t<i aria-hidden=\"true\" class=\"fas fa-arrow-down\"><\/i>\t\t\t\t\t\t<\/span>\n\t\t\t\t\t\t\t\t\t\t<span class=\"elementor-icon-list-text\">CONTACT US NOW\u200b<\/span>\n\t\t\t\t\t\t\t\t\t<\/li>\n\t\t\t\t\t\t<\/ul>\n\t\t\t\t\t\t<\/div>\n\t\t\t\t<\/div>\n\t\t\t\t<div class=\"elementor-element elementor-element-1c204e5 elementor-icon-list--layout-traditional elementor-list-item-link-full_width elementor-widget elementor-widget-icon-list\" data-id=\"1c204e5\" data-element_type=\"widget\" data-e-type=\"widget\" data-widget_type=\"icon-list.default\">\n\t\t\t\t<div class=\"elementor-widget-container\">\n\t\t\t\t\t\t\t<ul class=\"elementor-icon-list-items\">\n\t\t\t\t\t\t\t<li class=\"elementor-icon-list-item\">\n\t\t\t\t\t\t\t\t\t\t\t<a href=\"tel:+498007646673\">\n\n\t\t\t\t\t\t\t\t\t\t\t\t<span class=\"elementor-icon-list-icon\">\n\t\t\t\t\t\t\t<i aria-hidden=\"true\" class=\"fas fa-phone\"><\/i>\t\t\t\t\t\t<\/span>\n\t\t\t\t\t\t\t\t\t\t<span class=\"elementor-icon-list-text\"> Hotline: +49 (0) 800 \u2013 7646673<\/span>\n\t\t\t\t\t\t\t\t\t\t\t<\/a>\n\t\t\t\t\t\t\t\t\t<\/li>\n\t\t\t\t\t\t\t\t<li class=\"elementor-icon-list-item\">\n\t\t\t\t\t\t\t\t\t\t\t<a href=\"tel:+4944317482748\">\n\n\t\t\t\t\t\t\t\t\t\t\t\t<span class=\"elementor-icon-list-icon\">\n\t\t\t\t\t\t\t<i aria-hidden=\"true\" class=\"fas fa-phone\"><\/i>\t\t\t\t\t\t<\/span>\n\t\t\t\t\t\t\t\t\t\t<span class=\"elementor-icon-list-text\">Phone: +49 (0) 4431 \u2013 7482748<\/span>\n\t\t\t\t\t\t\t\t\t\t\t<\/a>\n\t\t\t\t\t\t\t\t\t<\/li>\n\t\t\t\t\t\t\t\t<li class=\"elementor-icon-list-item\">\n\t\t\t\t\t\t\t\t\t\t\t<a href=\"tel:+4944317482747\">\n\n\t\t\t\t\t\t\t\t\t\t\t\t<span class=\"elementor-icon-list-icon\">\n\t\t\t\t\t\t\t<i aria-hidden=\"true\" class=\"fas fa-fax\"><\/i>\t\t\t\t\t\t<\/span>\n\t\t\t\t\t\t\t\t\t\t<span class=\"elementor-icon-list-text\">Telefax: +49 (0) 4431 \u2013 7482747<\/span>\n\t\t\t\t\t\t\t\t\t\t\t<\/a>\n\t\t\t\t\t\t\t\t\t<\/li>\n\t\t\t\t\t\t\t\t<li class=\"elementor-icon-list-item\">\n\t\t\t\t\t\t\t\t\t\t\t<a href=\"mailto:info@sni-nord.de\">\n\n\t\t\t\t\t\t\t\t\t\t\t\t<span class=\"elementor-icon-list-icon\">\n\t\t\t\t\t\t\t<i aria-hidden=\"true\" class=\"far fa-envelope\"><\/i>\t\t\t\t\t\t<\/span>\n\t\t\t\t\t\t\t\t\t\t<span class=\"elementor-icon-list-text\"> E-Mail: info@sni-nord.de<\/span>\n\t\t\t\t\t\t\t\t\t\t\t<\/a>\n\t\t\t\t\t\t\t\t\t<\/li>\n\t\t\t\t\t\t\t\t<li class=\"elementor-icon-list-item\">\n\t\t\t\t\t\t\t\t\t\t\t<a href=\"https:\/\/sni-nord.de\/kontakt\/\">\n\n\t\t\t\t\t\t\t\t\t\t\t\t<span class=\"elementor-icon-list-icon\">\n\t\t\t\t\t\t\t<i aria-hidden=\"true\" class=\"fab fa-wpforms\"><\/i>\t\t\t\t\t\t<\/span>\n\t\t\t\t\t\t\t\t\t\t<span class=\"elementor-icon-list-text\">Click here for the contact form<\/span>\n\t\t\t\t\t\t\t\t\t\t\t<\/a>\n\t\t\t\t\t\t\t\t\t<\/li>\n\t\t\t\t\t\t<\/ul>\n\t\t\t\t\t\t<\/div>\n\t\t\t\t<\/div>\n\t\t\t\t<div class=\"elementor-element elementor-element-f868b5e elementor-search-form--skin-classic elementor-search-form--button-type-icon elementor-search-form--icon-search elementor-widget elementor-widget-search-form\" data-id=\"f868b5e\" data-element_type=\"widget\" data-e-type=\"widget\" data-settings=\"{&quot;skin&quot;:&quot;classic&quot;}\" data-widget_type=\"search-form.default\">\n\t\t\t\t<div class=\"elementor-widget-container\">\n\t\t\t\t\t\t\t<search role=\"search\">\n\t\t\t<form class=\"elementor-search-form\" action=\"https:\/\/sni-nord.de\/en\/\" method=\"get\" data-trp-original-action=\"https:\/\/sni-nord.de\/en\/\">\n\t\t\t\t\t\t\t\t\t\t\t\t<div class=\"elementor-search-form__container\">\n\t\t\t\t\t<label class=\"elementor-screen-only\" for=\"elementor-search-form-f868b5e\">Search<\/label>\n\n\t\t\t\t\t\n\t\t\t\t\t<input id=\"elementor-search-form-f868b5e\" placeholder=\"Your search query\" class=\"elementor-search-form__input\" type=\"search\" name=\"s\" value=\"\">\n\t\t\t\t\t\n\t\t\t\t\t\t\t\t\t\t\t<button class=\"elementor-search-form__submit\" type=\"submit\" aria-label=\"Search\">\n\t\t\t\t\t\t\t\t\t\t\t\t\t\t\t<i aria-hidden=\"true\" class=\"fas fa-search\"><\/i>\t\t\t\t\t\t\t\t\t\t\t\t\t<\/button>\n\t\t\t\t\t\n\t\t\t\t\t\t\t\t\t<\/div>\n\t\t\t<input type=\"hidden\" name=\"trp-form-language\" value=\"en\"\/><\/form>\n\t\t<\/search>\n\t\t\t\t\t\t<\/div>\n\t\t\t\t<\/div>\n\t\t\t\t\t<\/div>\n\t\t<\/div>\n\t\t\t\t\t<\/div>\n\t\t<\/section>\n\t\t\t\t<section class=\"elementor-section elementor-top-section elementor-element elementor-element-c337b85 elementor-section-boxed elementor-section-height-default elementor-section-height-default\" data-id=\"c337b85\" data-element_type=\"section\" data-e-type=\"section\" data-no-translation=\"\">\n\t\t\t\t\t\t<div class=\"elementor-container elementor-column-gap-default\">\n\t\t\t\t\t<div class=\"elementor-column elementor-col-100 elementor-top-column elementor-element elementor-element-da85172\" data-id=\"da85172\" data-element_type=\"column\" data-e-type=\"column\">\n\t\t\t<div class=\"elementor-widget-wrap elementor-element-populated\">\n\t\t\t\t\t\t<div class=\"elementor-element elementor-element-677042f elementor-widget-divider--view-line elementor-widget elementor-widget-divider\" data-id=\"677042f\" data-element_type=\"widget\" data-e-type=\"widget\" data-widget_type=\"divider.default\">\n\t\t\t\t<div class=\"elementor-widget-container\">\n\t\t\t\t\t\t\t<div class=\"elementor-divider\">\n\t\t\t<span class=\"elementor-divider-separator\">\n\t\t\t\t\t\t<\/span>\n\t\t<\/div>\n\t\t\t\t\t\t<\/div>\n\t\t\t\t<\/div>\n\t\t\t\t<div class=\"elementor-element elementor-element-0efefd6 elementor-widget elementor-widget-text-editor\" data-id=\"0efefd6\" data-element_type=\"widget\" data-e-type=\"widget\" data-widget_type=\"text-editor.default\">\n\t\t\t\t<div class=\"elementor-widget-container\">\n\t\t\t\t\t\t\t\t\t<h3 data-pm-slice=\"1 1 []\">Who Is Responsible for Inspecting Industrial Trucks?<\/h3><p>According to \u00a7\u00a7 9 and 37 of the DGUV Regulation 68 (formerly BGV D27) as of January 1, 1997, both the driver of the industrial truck and the employer as the operator are responsible. The driver must inspect the truck daily before starting operations and during use for any safety-related defects and report any issues. The employer is obligated to correct any defects that compromise safety before the truck is put back into operation.<\/p><h3>How Often Must an Expert Inspect Industrial Trucks?<\/h3><p>As an employer, you are required by \u00a7 37 ff. DGUV V 68 to have all industrial trucks, as well as all attachments and safety devices for industrial trucks in narrow-aisle warehouses, inspected by a qualified expert at least once a year. If you intentionally or negligently violate the provisions of \u00a7 9 para. 2 or \u00a7\u00a7 37, 38 DGUV V 68, fines of up to \u20ac10,000 may be imposed. In the event of an accident where individuals are harmed, civil or criminal consequences could also follow. Insurers also require compliance with legal regulations and the presentation of corresponding proof.<\/p><p>Regular inspections of forklifts, pallet trucks, and other industrial trucks, including documentation and proof of inspection, are therefore in the best interest of every employer.<\/p>\t\t\t\t\t\t\t\t<\/div>\n\t\t\t\t<\/div>\n\t\t\t\t<div class=\"elementor-element elementor-element-67b8d41 elementor-widget-divider--view-line elementor-widget elementor-widget-divider\" data-id=\"67b8d41\" data-element_type=\"widget\" data-e-type=\"widget\" data-widget_type=\"divider.default\">\n\t\t\t\t<div class=\"elementor-widget-container\">\n\t\t\t\t\t\t\t<div class=\"elementor-divider\">\n\t\t\t<span class=\"elementor-divider-separator\">\n\t\t\t\t\t\t<\/span>\n\t\t<\/div>\n\t\t\t\t\t\t<\/div>\n\t\t\t\t<\/div>\n\t\t\t\t<div class=\"elementor-element elementor-element-51469e7 elementor-widget elementor-widget-text-editor\" data-id=\"51469e7\" data-element_type=\"widget\" data-e-type=\"widget\" data-widget_type=\"text-editor.default\">\n\t\t\t\t<div class=\"elementor-widget-container\">\n\t\t\t\t\t\t\t\t\t<h3 data-pm-slice=\"1 1 []\">What Is Inspected During the FFZ Inspection?<\/h3><p>The DGUV V 68 requires that industrial trucks (FFZ) undergo recurring inspections at least annually. Previously known as UVV or BGV inspections, they are now uniformly conducted and documented according to FEM 4.004. The inspections are divided into a minor inspection and a major inspection.<\/p><h3>Scope of the Minor Inspection:<\/h3><p>The minor inspection must be carried out every 500 to 600 operating hours. The following components are visually inspected and checked:<\/p><ul class=\"ProsemirrorEditor-list\"><li class=\"ProsemirrorEditor-listItem\" data-list-indent=\"1\" data-list-type=\"bulleted\"><p>Forks<\/p><\/li><li class=\"ProsemirrorEditor-listItem\" data-list-indent=\"1\" data-list-type=\"bulleted\"><p>Bolts<\/p><\/li><li class=\"ProsemirrorEditor-listItem\" data-list-indent=\"1\" data-list-type=\"bulleted\"><p>Chassis<\/p><\/li><li class=\"ProsemirrorEditor-listItem\" data-list-indent=\"1\" data-list-type=\"bulleted\"><p>Chains<\/p><\/li><\/ul><h3>Scope of the Major Inspection:<\/h3><p>The major inspection must be conducted after 2,000 to 2,400 operating hours or at least annually. It covers the entire industrial truck, including its equipment. Approximately 100 safety-related criteria are inspected and documented, including:<\/p><ul class=\"ProsemirrorEditor-list\"><li class=\"ProsemirrorEditor-listItem\" data-list-indent=\"1\" data-list-type=\"bulleted\"><p>Steering<\/p><\/li><li class=\"ProsemirrorEditor-listItem\" data-list-indent=\"1\" data-list-type=\"bulleted\"><p>Brakes<\/p><\/li><li class=\"ProsemirrorEditor-listItem\" data-list-indent=\"1\" data-list-type=\"bulleted\"><p>Controls<\/p><\/li><li class=\"ProsemirrorEditor-listItem\" data-list-indent=\"1\" data-list-type=\"bulleted\"><p>Wheels<\/p><\/li><li class=\"ProsemirrorEditor-listItem\" data-list-indent=\"1\" data-list-type=\"bulleted\"><p>Drive system<\/p><\/li><li class=\"ProsemirrorEditor-listItem\" data-list-indent=\"1\" data-list-type=\"bulleted\"><p>Hydraulic system<\/p><\/li><li class=\"ProsemirrorEditor-listItem\" data-list-indent=\"1\" data-list-type=\"bulleted\"><p>Mast<\/p><\/li><li class=\"ProsemirrorEditor-listItem\" data-list-indent=\"1\" data-list-type=\"bulleted\"><p>Lift chains<\/p><\/li><li class=\"ProsemirrorEditor-listItem\" data-list-indent=\"1\" data-list-type=\"bulleted\"><p>Load handling devices<\/p><\/li><li class=\"ProsemirrorEditor-listItem\" data-list-indent=\"1\" data-list-type=\"bulleted\"><p>Driver protection roof<\/p><\/li><li class=\"ProsemirrorEditor-listItem\" data-list-indent=\"1\" data-list-type=\"bulleted\"><p>Seat &amp; handholds for passengers<\/p><\/li><li class=\"ProsemirrorEditor-listItem\" data-list-indent=\"1\" data-list-type=\"bulleted\"><p>Lighting system<\/p><\/li><li class=\"ProsemirrorEditor-listItem\" data-list-indent=\"1\" data-list-type=\"bulleted\"><p>Signage<\/p><\/li><li class=\"ProsemirrorEditor-listItem\" data-list-indent=\"1\" data-list-type=\"bulleted\"><p>Towing device<\/p><\/li><li class=\"ProsemirrorEditor-listItem\" data-list-indent=\"1\" data-list-type=\"bulleted\"><p>Load capacity diagram<\/p><\/li><\/ul><p>This comprehensive inspection ensures that the industrial truck remains safe and operational, meeting all legal requirements.<\/p><h3>How Is the FFZ Inspection Documented?<\/h3><p>According to DGUV V 68, a written documentation of the inspection is required. An appropriate inspection certificate should be accessible at all times. To help you demonstrate compliance with the recurring inspections, we document the inspection of your industrial trucks and provide you with the corresponding inspection certificate.<\/p><p>Our qualified staff can also handle the maintenance and inspection of pallet trucks, forklifts, and other industrial trucks at your location. Schedule an appointment by phone (04431 7482748), by email (<a class=\"ProsemirrorEditor-link\" href=\"mailto:info@sni-nord.de\">info@sni-nord.de<\/a>), or conveniently online!<\/p>\t\t\t\t\t\t\t\t<\/div>\n\t\t\t\t<\/div>\n\t\t\t\t<div class=\"elementor-element elementor-element-c9289ff elementor-widget elementor-widget-button\" data-id=\"c9289ff\" data-element_type=\"widget\" data-e-type=\"widget\" data-widget_type=\"button.default\">\n\t\t\t\t<div class=\"elementor-widget-container\">\n\t\t\t\t\t\t\t\t\t<div class=\"elementor-button-wrapper\">\n\t\t\t\t\t<a class=\"elementor-button elementor-button-link elementor-size-sm\" href=\"https:\/\/sni-nord.de\/kontakt\/\">\n\t\t\t\t\t\t<span class=\"elementor-button-content-wrapper\">\n\t\t\t\t\t\t\t\t\t<span class=\"elementor-button-text\">Contact Us Now<\/span>\n\t\t\t\t\t<\/span>\n\t\t\t\t\t<\/a>\n\t\t\t\t<\/div>\n\t\t\t\t\t\t\t\t<\/div>\n\t\t\t\t<\/div>\n\t\t\t\t<div class=\"elementor-element elementor-element-5eea718 elementor-widget elementor-widget-text-editor\" data-id=\"5eea718\" data-element_type=\"widget\" data-e-type=\"widget\" data-widget_type=\"text-editor.default\">\n\t\t\t\t<div class=\"elementor-widget-container\">\n\t\t\t\t\t\t\t\t\t<h3 data-pm-slice=\"1 3 []\">SNI-Nord: Experienced UVV Inspectors<\/h3><p>When it comes to annual UVV inspections, we are your reliable and experienced partner. Our services include the inspection of industrial trucks, as well as the inspection of ladders and steps, and power-operated windows, doors, and gates.<\/p><ul class=\"ProsemirrorEditor-list\"><li class=\"ProsemirrorEditor-listItem\" data-list-indent=\"1\" data-list-type=\"bulleted\"><p>With nationwide service points, we can be quickly and flexibly on-site at your location.<\/p><\/li><li class=\"ProsemirrorEditor-listItem\" data-list-indent=\"1\" data-list-type=\"bulleted\"><p>Our inspectors conduct the inspections professionally, competently, and independently of the manufacturer.<\/p><\/li><li class=\"ProsemirrorEditor-listItem\" data-list-indent=\"1\" data-list-type=\"bulleted\"><p>The inspection is carried out reliably and in compliance with standards according to DGUV V 68 \/ FEM 4.004.<\/p><\/li><\/ul>\t\t\t\t\t\t\t\t<\/div>\n\t\t\t\t<\/div>\n\t\t\t\t<div class=\"elementor-element elementor-element-bb3b385 elementor-widget elementor-widget-spacer\" data-id=\"bb3b385\" data-element_type=\"widget\" data-e-type=\"widget\" data-widget_type=\"spacer.default\">\n\t\t\t\t<div class=\"elementor-widget-container\">\n\t\t\t\t\t\t\t<div class=\"elementor-spacer\">\n\t\t\t<div class=\"elementor-spacer-inner\"><\/div>\n\t\t<\/div>\n\t\t\t\t\t\t<\/div>\n\t\t\t\t<\/div>\n\t\t\t\t\t<\/div>\n\t\t<\/div>\n\t\t\t\t\t<\/div>\n\t\t<\/section>\n\t\t\t\t<\/div>","protected":false},"excerpt":{"rendered":"<p>Pr\u00fcfung von Flurf\u00f6rderzeugen Inspektion von Flurf\u00f6rderzeugen nach DGUV V 68 \/ FEM 4.004 (ehemals UVV oder BGV) Wer in Deutschland Flurf\u00f6rderzeuge (FFZ) betreibt und einsetzt, ist gesetzlich dazu verpflichtet, diese mindestens j\u00e4hrlich auf Sicherheit und Funktionst\u00fcchtigkeit zu \u00fcberpr\u00fcfen beziehungsweise \u00fcberpr\u00fcfen zu lassen. Dies geh\u00f6rt zu den Vorschriften, da ein gefahrloser Betrieb von FFZ nur durch [&hellip;]<\/p>\n","protected":false},"author":1,"featured_media":0,"parent":306,"menu_order":0,"comment_status":"closed","ping_status":"closed","template":"elementor_header_footer","meta":{"footnotes":""},"class_list":["post-308","page","type-page","status-publish","hentry"],"_links":{"self":[{"href":"https:\/\/sni-nord.de\/en\/wp-json\/wp\/v2\/pages\/308","targetHints":{"allow":["GET"]}}],"collection":[{"href":"https:\/\/sni-nord.de\/en\/wp-json\/wp\/v2\/pages"}],"about":[{"href":"https:\/\/sni-nord.de\/en\/wp-json\/wp\/v2\/types\/page"}],"author":[{"embeddable":true,"href":"https:\/\/sni-nord.de\/en\/wp-json\/wp\/v2\/users\/1"}],"replies":[{"embeddable":true,"href":"https:\/\/sni-nord.de\/en\/wp-json\/wp\/v2\/comments?post=308"}],"version-history":[{"count":15,"href":"https:\/\/sni-nord.de\/en\/wp-json\/wp\/v2\/pages\/308\/revisions"}],"predecessor-version":[{"id":2318,"href":"https:\/\/sni-nord.de\/en\/wp-json\/wp\/v2\/pages\/308\/revisions\/2318"}],"up":[{"embeddable":true,"href":"https:\/\/sni-nord.de\/en\/wp-json\/wp\/v2\/pages\/306"}],"wp:attachment":[{"href":"https:\/\/sni-nord.de\/en\/wp-json\/wp\/v2\/media?parent=308"}],"curies":[{"name":"wp","href":"https:\/\/api.w.org\/{rel}","templated":true}]}}