{"id":324,"date":"2020-04-28T05:48:00","date_gmt":"2020-04-28T05:48:00","guid":{"rendered":"https:\/\/sni-nord.de\/?page_id=324"},"modified":"2024-08-14T10:12:06","modified_gmt":"2024-08-14T10:12:06","slug":"fachunternehmererklaerung","status":"publish","type":"page","link":"https:\/\/sni-nord.de\/en\/rack-repair\/fachunternehmererklaerung\/","title":{"rendered":"Specialist contractor declaration"},"content":{"rendered":"<div data-elementor-type=\"wp-page\" data-elementor-id=\"324\" class=\"elementor elementor-324\" data-elementor-post-type=\"page\">\n\t\t\t\t\t\t<section class=\"elementor-section elementor-top-section elementor-element elementor-element-a099ef1 elementor-section-boxed elementor-section-height-default elementor-section-height-default\" data-id=\"a099ef1\" data-element_type=\"section\" data-e-type=\"section\">\n\t\t\t\t\t\t<div class=\"elementor-container elementor-column-gap-default\">\n\t\t\t\t\t<div class=\"elementor-column elementor-col-100 elementor-top-column elementor-element elementor-element-68a2d30\" data-id=\"68a2d30\" data-element_type=\"column\" data-e-type=\"column\">\n\t\t\t<div class=\"elementor-widget-wrap elementor-element-populated\">\n\t\t\t\t\t\t<div class=\"elementor-element elementor-element-adaa7eb elementor-widget elementor-widget-heading\" data-id=\"adaa7eb\" data-element_type=\"widget\" data-e-type=\"widget\" data-widget_type=\"heading.default\">\n\t\t\t\t<div class=\"elementor-widget-container\">\n\t\t\t\t\t<h2 class=\"elementor-heading-title elementor-size-default\">Specialized Contractor Declaration for Rack Technology, Maintenance, and Repairs<\/h2>\t\t\t\t<\/div>\n\t\t\t\t<\/div>\n\t\t\t\t<div class=\"elementor-element elementor-element-dc33cf1 elementor-widget elementor-widget-text-editor\" data-id=\"dc33cf1\" data-element_type=\"widget\" data-e-type=\"widget\" data-widget_type=\"text-editor.default\">\n\t\t\t\t<div class=\"elementor-widget-container\">\n\t\t\t\t\t\t\t\t\t<p><strong>SNI Nord GmbH Regaltechnik is your partner for innovative rack technology.<\/strong><\/p><p>As a specialist contractor, we declare that our services are carried out in accordance with the recognized rules of technology.<br \/>We carry out our work in accordance with the applicable regulations, standards and ordinances.<\/p><p>We have a material test certificate 3.1 for the processed materials. Repairs are carried out on the basis of existing static studies of an independent structural engineer.<\/p><p>We guarantee the load-bearing capacity of the racks repaired by us as stated on the load plate.<\/p><p>Our company is registered as an industrial specialist company with the Oldenburg Chamber of Industry and Commerce (Oldenburg).<\/p><p>If you have any questions, please do not hesitate to contact us on 04431 - 7482746.<\/p>\t\t\t\t\t\t\t\t<\/div>\n\t\t\t\t<\/div>\n\t\t\t\t<div class=\"elementor-element elementor-element-254edc6 elementor-widget elementor-widget-spacer\" data-id=\"254edc6\" data-element_type=\"widget\" data-e-type=\"widget\" data-widget_type=\"spacer.default\">\n\t\t\t\t<div class=\"elementor-widget-container\">\n\t\t\t\t\t\t\t<div class=\"elementor-spacer\">\n\t\t\t<div class=\"elementor-spacer-inner\"><\/div>\n\t\t<\/div>\n\t\t\t\t\t\t<\/div>\n\t\t\t\t<\/div>\n\t\t\t\t\t<\/div>\n\t\t<\/div>\n\t\t\t\t\t<\/div>\n\t\t<\/section>\n\t\t\t\t<\/div>","protected":false},"excerpt":{"rendered":"<p>Fachunternehmererkl\u00e4rung Regaltechnik, Regalwartung und Regalinstandsetzung SNI Nord GmbH Regaltechnik ist Ihr Partner f\u00fcr Innovative Regaltechnik. Als Fachunternehmer erkl\u00e4ren wir, dass unsere Leistungen nach den anerkannten Regeln der Technik ausgef\u00fchrt werden.Unsere Arbeiten f\u00fchren wir nach den geltenden Vorschriften, Normen und Verordnungen aus. F\u00fcr die verarbeiteten Materialien besteht ein Materialpr\u00fcfzeugnis 3.1. Die Instandsetzungen erfolgen anhand vorhandener Statiken [&hellip;]<\/p>\n","protected":false},"author":1,"featured_media":0,"parent":322,"menu_order":0,"comment_status":"closed","ping_status":"closed","template":"elementor_header_footer","meta":{"footnotes":""},"class_list":["post-324","page","type-page","status-publish","hentry"],"_links":{"self":[{"href":"https:\/\/sni-nord.de\/en\/wp-json\/wp\/v2\/pages\/324","targetHints":{"allow":["GET"]}}],"collection":[{"href":"https:\/\/sni-nord.de\/en\/wp-json\/wp\/v2\/pages"}],"about":[{"href":"https:\/\/sni-nord.de\/en\/wp-json\/wp\/v2\/types\/page"}],"author":[{"embeddable":true,"href":"https:\/\/sni-nord.de\/en\/wp-json\/wp\/v2\/users\/1"}],"replies":[{"embeddable":true,"href":"https:\/\/sni-nord.de\/en\/wp-json\/wp\/v2\/comments?post=324"}],"version-history":[{"count":3,"href":"https:\/\/sni-nord.de\/en\/wp-json\/wp\/v2\/pages\/324\/revisions"}],"predecessor-version":[{"id":1682,"href":"https:\/\/sni-nord.de\/en\/wp-json\/wp\/v2\/pages\/324\/revisions\/1682"}],"up":[{"embeddable":true,"href":"https:\/\/sni-nord.de\/en\/wp-json\/wp\/v2\/pages\/322"}],"wp:attachment":[{"href":"https:\/\/sni-nord.de\/en\/wp-json\/wp\/v2\/media?parent=324"}],"curies":[{"name":"wp","href":"https:\/\/api.w.org\/{rel}","templated":true}]}}