{"id":326,"date":"2020-04-28T05:48:24","date_gmt":"2020-04-28T05:48:24","guid":{"rendered":"https:\/\/sni-nord.de\/?page_id=326"},"modified":"2025-05-13T14:23:40","modified_gmt":"2025-05-13T14:23:40","slug":"korrosion-an-regalanlagen","status":"publish","type":"page","link":"https:\/\/sni-nord.de\/en\/rack-repair\/korrosion-an-regalanlagen\/","title":{"rendered":"Corrosion on racking systems:"},"content":{"rendered":"<div data-elementor-type=\"wp-page\" data-elementor-id=\"326\" class=\"elementor elementor-326\" data-elementor-post-type=\"page\">\n\t\t\t\t\t\t<section class=\"elementor-section elementor-top-section elementor-element elementor-element-328961dc elementor-section-boxed elementor-section-height-default elementor-section-height-default\" data-id=\"328961dc\" data-element_type=\"section\" data-e-type=\"section\">\n\t\t\t\t\t\t<div class=\"elementor-container elementor-column-gap-default\">\n\t\t\t\t\t<div class=\"elementor-column elementor-col-100 elementor-top-column elementor-element elementor-element-716d5b40\" data-id=\"716d5b40\" data-element_type=\"column\" data-e-type=\"column\">\n\t\t\t<div class=\"elementor-widget-wrap elementor-element-populated\">\n\t\t\t\t\t\t<div class=\"elementor-element elementor-element-761adb5 elementor-widget elementor-widget-heading\" data-id=\"761adb5\" data-element_type=\"widget\" data-e-type=\"widget\" data-widget_type=\"heading.default\">\n\t\t\t\t<div class=\"elementor-widget-container\">\n\t\t\t\t\t<h1 class=\"elementor-heading-title elementor-size-default\">Prevent &amp; eliminate corrosion on shelving systems<\/h1>\t\t\t\t<\/div>\n\t\t\t\t<\/div>\n\t\t\t\t<div class=\"elementor-element elementor-element-243b6575 elementor-widget elementor-widget-text-editor\" data-id=\"243b6575\" data-element_type=\"widget\" data-e-type=\"widget\" data-widget_type=\"text-editor.default\">\n\t\t\t\t<div class=\"elementor-widget-container\">\n\t\t\t\t\t\t\t\t\t<p>Corrosion describes a process in which a material reacts with its environment. This not only leads to a <strong>measurable change in the material<\/strong>but can also impair its function. Exposure to moisture and wetness tends to cause <a title=\"Shelving systems, industrial shelving &amp; racking systems\" href=\"https:\/\/sni-nord.de\/en\/lagertechnik\/regalsysteme\/\">Shelving Systems<\/a> and shelving systems in the upright base area, so that the <strong>Rust<\/strong> is formed. As a result, it is no longer guaranteed that the <a title=\"Storage technology, storage equipment &amp; storage systems | SNI Nord\" href=\"https:\/\/sni-nord.de\/en\/lagertechnik\/\">Storage Systems<\/a> can withstand the weight of the pallets and no one is harmed. Corrosion must be prevented in advance or, if it does occur, eliminated.<\/p>\t\t\t\t\t\t\t\t<\/div>\n\t\t\t\t<\/div>\n\t\t\t\t<div class=\"elementor-element elementor-element-31c42d8 elementor-widget-divider--view-line elementor-widget elementor-widget-divider\" data-id=\"31c42d8\" data-element_type=\"widget\" data-e-type=\"widget\" data-widget_type=\"divider.default\">\n\t\t\t\t<div class=\"elementor-widget-container\">\n\t\t\t\t\t\t\t<div class=\"elementor-divider\">\n\t\t\t<span class=\"elementor-divider-separator\">\n\t\t\t\t\t\t<\/span>\n\t\t<\/div>\n\t\t\t\t\t\t<\/div>\n\t\t\t\t<\/div>\n\t\t\t\t<div class=\"elementor-element elementor-element-e7d1893 elementor-widget elementor-widget-heading\" data-id=\"e7d1893\" data-element_type=\"widget\" data-e-type=\"widget\" data-widget_type=\"heading.default\">\n\t\t\t\t<div class=\"elementor-widget-container\">\n\t\t\t\t\t<h2 class=\"elementor-heading-title elementor-size-default\">Special surface treatment for shelving uprights affected by corrosion<\/h2>\t\t\t\t<\/div>\n\t\t\t\t<\/div>\n\t\t\t\t<div class=\"elementor-element elementor-element-b4ada0e elementor-widget elementor-widget-text-editor\" data-id=\"b4ada0e\" data-element_type=\"widget\" data-e-type=\"widget\" data-widget_type=\"text-editor.default\">\n\t\t\t\t<div class=\"elementor-widget-container\">\n\t\t\t\t\t\t\t\t\t<p>In order to be able to offer a reliable solution for corrosion on racking systems, we at SNI-Nord have developed racking technology in various storage areas <strong>Tests carried out<\/strong>. These were implemented with the support of institutes with years of experience in shipbuilding and bodywork construction. As an experienced industrial specialist company, we have come to the conclusion that there is definitely the possibility of already <strong>badly damaged shelf stands<\/strong> with a special form of a <strong>elastic coating<\/strong>. With this surface treatment on the <a title=\"Shelf maintenance &amp; shelf repair | SNI Nord\" href=\"https:\/\/sni-nord.de\/en\/regalinstandsetzung\/\">Repair<\/a> corrosion on racking systems can be stopped, but the load-bearing capacity of the element remains the same.<\/p><p>We provide a warranty for the shelving racks we treat. Get in touch with us and we will provide you with a free quote - so that your shelving systems will soon benefit from a coat of corrosion protection and the <a href=\"https:\/\/sni-nord.de\/en\/regalinspektion\/\">Rack Inspection<\/a> runs smoothly.<\/p>\t\t\t\t\t\t\t\t<\/div>\n\t\t\t\t<\/div>\n\t\t\t\t<div class=\"elementor-element elementor-element-cb4987f elementor-widget elementor-widget-spacer\" data-id=\"cb4987f\" data-element_type=\"widget\" data-e-type=\"widget\" data-widget_type=\"spacer.default\">\n\t\t\t\t<div class=\"elementor-widget-container\">\n\t\t\t\t\t\t\t<div class=\"elementor-spacer\">\n\t\t\t<div class=\"elementor-spacer-inner\"><\/div>\n\t\t<\/div>\n\t\t\t\t\t\t<\/div>\n\t\t\t\t<\/div>\n\t\t\t\t\t<\/div>\n\t\t<\/div>\n\t\t\t\t\t<\/div>\n\t\t<\/section>\n\t\t\t\t<\/div>","protected":false},"excerpt":{"rendered":"<p>Korrosion an Regalanlagen vorbeugen &#038; beseitigen Korrosion beschreibt einen Vorgang, bei dem ein Werkstoff mit seiner Umgebung reagiert. Diese f\u00fchrt nicht nur zu einer messbaren Ver\u00e4nderung des Werkstoffes, sondern kann ebenfalls seine Funktion beeintr\u00e4chtigen. Durch das Aussetzen von Feuchtigkeit und N\u00e4sse neigen Regalsysteme und Regalanlagen im St\u00e4nderfu\u00dfbereich zur Korrosion, sodass sich Rost bildet. Dadurch ist [&hellip;]<\/p>\n","protected":false},"author":1,"featured_media":0,"parent":322,"menu_order":0,"comment_status":"closed","ping_status":"closed","template":"elementor_header_footer","meta":{"footnotes":""},"class_list":["post-326","page","type-page","status-publish","hentry"],"_links":{"self":[{"href":"https:\/\/sni-nord.de\/en\/wp-json\/wp\/v2\/pages\/326","targetHints":{"allow":["GET"]}}],"collection":[{"href":"https:\/\/sni-nord.de\/en\/wp-json\/wp\/v2\/pages"}],"about":[{"href":"https:\/\/sni-nord.de\/en\/wp-json\/wp\/v2\/types\/page"}],"author":[{"embeddable":true,"href":"https:\/\/sni-nord.de\/en\/wp-json\/wp\/v2\/users\/1"}],"replies":[{"embeddable":true,"href":"https:\/\/sni-nord.de\/en\/wp-json\/wp\/v2\/comments?post=326"}],"version-history":[{"count":6,"href":"https:\/\/sni-nord.de\/en\/wp-json\/wp\/v2\/pages\/326\/revisions"}],"predecessor-version":[{"id":2081,"href":"https:\/\/sni-nord.de\/en\/wp-json\/wp\/v2\/pages\/326\/revisions\/2081"}],"up":[{"embeddable":true,"href":"https:\/\/sni-nord.de\/en\/wp-json\/wp\/v2\/pages\/322"}],"wp:attachment":[{"href":"https:\/\/sni-nord.de\/en\/wp-json\/wp\/v2\/media?parent=326"}],"curies":[{"name":"wp","href":"https:\/\/api.w.org\/{rel}","templated":true}]}}