{"id":336,"date":"2020-04-28T05:50:04","date_gmt":"2020-04-28T05:50:04","guid":{"rendered":"https:\/\/sni-nord.de\/?page_id=336"},"modified":"2025-12-18T13:14:04","modified_gmt":"2025-12-18T13:14:04","slug":"servicepoints","status":"publish","type":"page","link":"https:\/\/sni-nord.de\/en\/servicepoints\/","title":{"rendered":"Service points"},"content":{"rendered":"<div data-elementor-type=\"wp-page\" data-elementor-id=\"336\" class=\"elementor elementor-336\" data-elementor-post-type=\"page\">\n\t\t\t\t\t\t<section class=\"elementor-section elementor-top-section elementor-element elementor-element-e945e09 elementor-section-boxed elementor-section-height-default elementor-section-height-default\" data-id=\"e945e09\" data-element_type=\"section\" data-e-type=\"section\">\n\t\t\t\t\t\t<div class=\"elementor-container elementor-column-gap-default\">\n\t\t\t\t\t<div class=\"elementor-column elementor-col-100 elementor-top-column elementor-element elementor-element-9588262\" data-id=\"9588262\" data-element_type=\"column\" data-e-type=\"column\">\n\t\t\t<div class=\"elementor-widget-wrap elementor-element-populated\">\n\t\t\t\t\t\t<div class=\"elementor-element elementor-element-7c0deb0 elementor-widget elementor-widget-spacer\" data-id=\"7c0deb0\" data-element_type=\"widget\" data-e-type=\"widget\" data-widget_type=\"spacer.default\">\n\t\t\t\t<div class=\"elementor-widget-container\">\n\t\t\t\t\t\t\t<div class=\"elementor-spacer\">\n\t\t\t<div class=\"elementor-spacer-inner\"><\/div>\n\t\t<\/div>\n\t\t\t\t\t\t<\/div>\n\t\t\t\t<\/div>\n\t\t\t\t<div class=\"elementor-element elementor-element-930f90c elementor-widget elementor-widget-heading\" data-id=\"930f90c\" data-element_type=\"widget\" data-e-type=\"widget\" data-widget_type=\"heading.default\">\n\t\t\t\t<div class=\"elementor-widget-container\">\n\t\t\t\t\t<h1 class=\"elementor-heading-title elementor-size-default\">SNI <font color=\"Black\"> Service points<\/font> | we are here for you<\/h1>\t\t\t\t<\/div>\n\t\t\t\t<\/div>\n\t\t\t\t<div class=\"elementor-element elementor-element-ab54f50 elementor-widget elementor-widget-text-editor\" data-id=\"ab54f50\" data-element_type=\"widget\" data-e-type=\"widget\" data-widget_type=\"text-editor.default\">\n\t\t\t\t<div class=\"elementor-widget-container\">\n\t\t\t\t\t\t\t\t\t<p style=\"text-align: center;\" class=\"translation-block\">Whether <a href=\"https:\/\/www.sni-nord.de\/en\/rack-inspection\" target=\"_self\"> Rack inspection <\/a> or <a> Rack maintenance &amp; Rack repairs <\/a> - with our service points we are always at your site. We are active nationwide.<\/p>\t\t\t\t\t\t\t\t<\/div>\n\t\t\t\t<\/div>\n\t\t\t\t<div class=\"elementor-element elementor-element-0063886 elementor-widget elementor-widget-text-editor\" data-id=\"0063886\" data-element_type=\"widget\" data-e-type=\"widget\" data-widget_type=\"text-editor.default\">\n\t\t\t\t<div class=\"elementor-widget-container\">\n\t\t\t\t\t\t\t\t\t<p style=\"text-align: center;\">Our service points in Rostock, Hamburg, Bremen, Wildeshausen, Visbek, Berlin, Wolfsburg, Hanover, Leipzig, Gladbach, Cologne, Dresden, Bonn, Frankfurt, W\u00fcrzburg, Saarland, Stuttgart, Augsburg and Munich guarantee you short travel times and optimal service on site!<\/p><p>The Rack inspectors from SNI-Nord from Wildeshausen (Lower Saxony) are at your side nationwide as competent and reliable partners for Rack inspection and Rack maintenance &amp; repairs.<\/p>\t\t\t\t\t\t\t\t<\/div>\n\t\t\t\t<\/div>\n\t\t\t\t<div class=\"elementor-element elementor-element-dc05dd0 elementor-widget elementor-widget-html\" data-id=\"dc05dd0\" data-element_type=\"widget\" data-e-type=\"widget\" data-widget_type=\"html.default\">\n\t\t\t\t<div class=\"elementor-widget-container\">\n\t\t\t\t\t <div class=\"brlbs-cmpnt-container brlbs-cmpnt-content-blocker brlbs-cmpnt-with-individual-styles\" data-borlabs-cookie-content-blocker-id=\"google-maps\" data-borlabs-cookie-content=\"PGlmcmFtZSBzcmM9Imh0dHBzOi8vd3d3Lmdvb2dsZS5jb20vbWFwcy9kL3UvMC9lbWJlZD9taWQ9MVdmZWZpTGVERW9KMWFnbWRtZ0V5WXJJTC1rSnlnTkEmZWhiYz0yRTMxMkYiIHdpZHRoPSI2NDAiIGhlaWdodD0iNDgwIj48L2lmcmFtZT4=\"><div class=\"brlbs-cmpnt-cb-preset-b brlbs-cmpnt-cb-google-maps\"> <div class=\"brlbs-cmpnt-cb-thumbnail\" style=\"background-image: url('https:\/\/sni-nord.de\/wp-content\/uploads\/borlabs-cookie\/1\/brlbs-cb-google-maps-main.png')\"><\/div> <div class=\"brlbs-cmpnt-cb-main\"> <div class=\"brlbs-cmpnt-cb-content\"> <p class=\"brlbs-cmpnt-cb-description\">You are currently viewing a placeholder content from <strong>Google Maps<\/strong>. To access the actual content, click the button below. Please note that doing so will share data with third-party providers.<\/p> <a class=\"brlbs-cmpnt-cb-provider-toggle\" href=\"#\" data-borlabs-cookie-show-provider-information role=\"button\">More Information<\/a> <\/div> <div class=\"brlbs-cmpnt-cb-buttons\"> <a class=\"brlbs-cmpnt-cb-btn\" href=\"#\" data-borlabs-cookie-unblock role=\"button\">Unblock content<\/a> <a class=\"brlbs-cmpnt-cb-btn\" href=\"#\" data-borlabs-cookie-accept-service role=\"button\" style=\"display: inherit\">Accept required service and unblock content<\/a> <\/div> <\/div> <\/div><\/div>\t\t\t\t<\/div>\n\t\t\t\t<\/div>\n\t\t\t\t\t<\/div>\n\t\t<\/div>\n\t\t\t\t\t<\/div>\n\t\t<\/section>\n\t\t\t\t<section class=\"elementor-section elementor-top-section elementor-element elementor-element-79e9085 elementor-section-boxed elementor-section-height-default elementor-section-height-default\" data-id=\"79e9085\" data-element_type=\"section\" data-e-type=\"section\">\n\t\t\t\t\t\t<div class=\"elementor-container elementor-column-gap-default\">\n\t\t\t\t\t<div class=\"elementor-column elementor-col-100 elementor-top-column elementor-element elementor-element-95890bc\" data-id=\"95890bc\" data-element_type=\"column\" data-e-type=\"column\">\n\t\t\t<div class=\"elementor-widget-wrap elementor-element-populated\">\n\t\t\t\t\t\t<div class=\"elementor-element elementor-element-6830715 elementor-widget elementor-widget-spacer\" data-id=\"6830715\" data-element_type=\"widget\" data-e-type=\"widget\" data-widget_type=\"spacer.default\">\n\t\t\t\t<div class=\"elementor-widget-container\">\n\t\t\t\t\t\t\t<div class=\"elementor-spacer\">\n\t\t\t<div class=\"elementor-spacer-inner\"><\/div>\n\t\t<\/div>\n\t\t\t\t\t\t<\/div>\n\t\t\t\t<\/div>\n\t\t\t\t\t<\/div>\n\t\t<\/div>\n\t\t\t\t\t<\/div>\n\t\t<\/section>\n\t\t\t\t<section class=\"elementor-section elementor-top-section elementor-element elementor-element-bb31181 elementor-section-boxed elementor-section-height-default elementor-section-height-default\" data-id=\"bb31181\" data-element_type=\"section\" data-e-type=\"section\">\n\t\t\t\t\t\t<div class=\"elementor-container elementor-column-gap-default\">\n\t\t\t\t\t<div class=\"elementor-column elementor-col-100 elementor-top-column elementor-element elementor-element-aa5f33a\" data-id=\"aa5f33a\" data-element_type=\"column\" data-e-type=\"column\">\n\t\t\t<div class=\"elementor-widget-wrap elementor-element-populated\">\n\t\t\t\t\t\t<div class=\"elementor-element elementor-element-e9e6dfb elementor-widget elementor-widget-heading\" data-id=\"e9e6dfb\" data-element_type=\"widget\" data-e-type=\"widget\" data-widget_type=\"heading.default\">\n\t\t\t\t<div class=\"elementor-widget-container\">\n\t\t\t\t\t<h2 class=\"elementor-heading-title elementor-size-default\">Your contact person<\/h2>\t\t\t\t<\/div>\n\t\t\t\t<\/div>\n\t\t\t\t\t<\/div>\n\t\t<\/div>\n\t\t\t\t\t<\/div>\n\t\t<\/section>\n\t\t\t\t<section class=\"elementor-section elementor-top-section elementor-element elementor-element-79b7e28 elementor-section-boxed elementor-section-height-default elementor-section-height-default\" data-id=\"79b7e28\" data-element_type=\"section\" data-e-type=\"section\">\n\t\t\t\t\t\t<div class=\"elementor-container elementor-column-gap-default\">\n\t\t\t\t\t<div class=\"elementor-column elementor-col-50 elementor-top-column elementor-element elementor-element-ecf8104\" data-id=\"ecf8104\" data-element_type=\"column\" data-e-type=\"column\">\n\t\t\t<div class=\"elementor-widget-wrap elementor-element-populated\">\n\t\t\t\t\t\t<div class=\"elementor-element elementor-element-9826670 elementor-widget elementor-widget-image\" data-id=\"9826670\" data-element_type=\"widget\" data-e-type=\"widget\" data-widget_type=\"image.default\">\n\t\t\t\t<div class=\"elementor-widget-container\">\n\t\t\t\t\t\t\t\t\t\t\t\t\t\t\t<img fetchpriority=\"high\" decoding=\"async\" width=\"724\" height=\"1024\" src=\"https:\/\/sni-nord.de\/wp-content\/uploads\/2023\/07\/Angeline-Buero-724x1024.jpg\" class=\"attachment-large size-large wp-image-1353\" alt=\"Portrait of a smiling woman in black and white, logo &quot;SNI REGALTECHNIK&quot; at the bottom right, office background.\" srcset=\"https:\/\/sni-nord.de\/wp-content\/uploads\/2023\/07\/Angeline-Buero-724x1024.jpg 724w, https:\/\/sni-nord.de\/wp-content\/uploads\/2023\/07\/Angeline-Buero-212x300.jpg 212w, https:\/\/sni-nord.de\/wp-content\/uploads\/2023\/07\/Angeline-Buero-768x1086.jpg 768w, https:\/\/sni-nord.de\/wp-content\/uploads\/2023\/07\/Angeline-Buero-1086x1536.jpg 1086w, https:\/\/sni-nord.de\/wp-content\/uploads\/2023\/07\/Angeline-Buero-1448x2048.jpg 1448w, https:\/\/sni-nord.de\/wp-content\/uploads\/2023\/07\/Angeline-Buero-8x12.jpg 8w, https:\/\/sni-nord.de\/wp-content\/uploads\/2023\/07\/Angeline-Buero.jpg 1587w\" sizes=\"(max-width: 724px) 100vw, 724px\" \/>\t\t\t\t\t\t\t\t\t\t\t\t\t\t\t<\/div>\n\t\t\t\t<\/div>\n\t\t\t\t<div class=\"elementor-element elementor-element-3eaec32 elementor-widget elementor-widget-heading\" data-id=\"3eaec32\" data-element_type=\"widget\" data-e-type=\"widget\" data-widget_type=\"heading.default\">\n\t\t\t\t<div class=\"elementor-widget-container\">\n\t\t\t\t\t<h3 class=\"elementor-heading-title elementor-size-default\">Angeline Kr\u00f6ger <\/h3>\t\t\t\t<\/div>\n\t\t\t\t<\/div>\n\t\t\t\t<div class=\"elementor-element elementor-element-2153be4 elementor-widget elementor-widget-text-editor\" data-id=\"2153be4\" data-element_type=\"widget\" data-e-type=\"widget\" data-widget_type=\"text-editor.default\">\n\t\t\t\t<div class=\"elementor-widget-container\">\n\t\t\t\t\t\t\t\t\t<p>Phone<a href=\"tel:+4944317482746\"> +49 4431\/7482746<\/a><br \/>Mail: <a href=\"mailto:a.kroeger@sni-nord.com\">a.kroeger@sni-nord.com<\/a><\/p>\t\t\t\t\t\t\t\t<\/div>\n\t\t\t\t<\/div>\n\t\t\t\t\t<\/div>\n\t\t<\/div>\n\t\t\t\t<div class=\"elementor-column elementor-col-50 elementor-top-column elementor-element elementor-element-d87d020\" data-id=\"d87d020\" data-element_type=\"column\" data-e-type=\"column\">\n\t\t\t<div class=\"elementor-widget-wrap elementor-element-populated\">\n\t\t\t\t\t\t<div class=\"elementor-element elementor-element-2329594 elementor-widget elementor-widget-image\" data-id=\"2329594\" data-element_type=\"widget\" data-e-type=\"widget\" data-widget_type=\"image.default\">\n\t\t\t\t<div class=\"elementor-widget-container\">\n\t\t\t\t\t\t\t\t\t\t\t\t\t\t\t<img decoding=\"async\" width=\"706\" height=\"845\" src=\"https:\/\/sni-nord.de\/wp-content\/uploads\/2025\/10\/Kiara-Rupprecht-Servicepoints.png\" class=\"attachment-large size-large wp-image-2161\" alt=\"\" srcset=\"https:\/\/sni-nord.de\/wp-content\/uploads\/2025\/10\/Kiara-Rupprecht-Servicepoints.png 706w, https:\/\/sni-nord.de\/wp-content\/uploads\/2025\/10\/Kiara-Rupprecht-Servicepoints-251x300.png 251w, https:\/\/sni-nord.de\/wp-content\/uploads\/2025\/10\/Kiara-Rupprecht-Servicepoints-10x12.png 10w\" sizes=\"(max-width: 706px) 100vw, 706px\" \/>\t\t\t\t\t\t\t\t\t\t\t\t\t\t\t<\/div>\n\t\t\t\t<\/div>\n\t\t\t\t<div class=\"elementor-element elementor-element-92a64a6 elementor-widget elementor-widget-heading\" data-id=\"92a64a6\" data-element_type=\"widget\" data-e-type=\"widget\" data-widget_type=\"heading.default\">\n\t\t\t\t<div class=\"elementor-widget-container\">\n\t\t\t\t\t<h3 class=\"elementor-heading-title elementor-size-default\">Kiara Rupprecht <\/h3>\t\t\t\t<\/div>\n\t\t\t\t<\/div>\n\t\t\t\t<div class=\"elementor-element elementor-element-65426db elementor-widget elementor-widget-text-editor\" data-id=\"65426db\" data-element_type=\"widget\" data-e-type=\"widget\" data-widget_type=\"text-editor.default\">\n\t\t\t\t<div class=\"elementor-widget-container\">\n\t\t\t\t\t\t\t\t\t<p>Phone<a href=\"tel:+4944317482746\"> +49 4431\/7482746<\/a><br \/>Mail: <a href=\"mailto:k.rupprecht@sni-nord.com\">k.rupprecht@sni-nord.com<\/a><\/p>\t\t\t\t\t\t\t\t<\/div>\n\t\t\t\t<\/div>\n\t\t\t\t\t<\/div>\n\t\t<\/div>\n\t\t\t\t\t<\/div>\n\t\t<\/section>\n\t\t\t\t<section class=\"elementor-section elementor-top-section elementor-element elementor-element-868feea elementor-section-boxed elementor-section-height-default elementor-section-height-default\" data-id=\"868feea\" data-element_type=\"section\" data-e-type=\"section\">\n\t\t\t\t\t\t<div class=\"elementor-container elementor-column-gap-default\">\n\t\t\t\t\t<div class=\"elementor-column elementor-col-100 elementor-top-column elementor-element elementor-element-b3351de\" data-id=\"b3351de\" data-element_type=\"column\" data-e-type=\"column\">\n\t\t\t<div class=\"elementor-widget-wrap elementor-element-populated\">\n\t\t\t\t\t\t<div class=\"elementor-element elementor-element-d93efc6 elementor-widget elementor-widget-spacer\" data-id=\"d93efc6\" data-element_type=\"widget\" data-e-type=\"widget\" data-widget_type=\"spacer.default\">\n\t\t\t\t<div class=\"elementor-widget-container\">\n\t\t\t\t\t\t\t<div class=\"elementor-spacer\">\n\t\t\t<div class=\"elementor-spacer-inner\"><\/div>\n\t\t<\/div>\n\t\t\t\t\t\t<\/div>\n\t\t\t\t<\/div>\n\t\t\t\t\t<\/div>\n\t\t<\/div>\n\t\t\t\t\t<\/div>\n\t\t<\/section>\n\t\t\t\t<\/div>","protected":false},"excerpt":{"rendered":"<p>SNI Servicepoints | Wir sind f\u00fcr Sie da. Ob Regalinspektion oder Regalinstandsetzung &amp; Regalreparatur \u2013 mit unseren Servicepoints sind wir immer bei Ihnen vor Ort. Wir sind bundesweit t\u00e4tig. Unsere Sevicepoints in Rostock, Hamburg, Bremen, Wildeshausen, Visbek, Berlin, Wolfsburg, Hannover, Leipzig, Gladbach, K\u00f6ln, Dresden, Bonn, Frankfurt, W\u00fcrzburg, Saarland, Stuttgart, Augsburg und M\u00fcnchen garantieren Ihnen kurze [&hellip;]<\/p>\n","protected":false},"author":1,"featured_media":0,"parent":0,"menu_order":0,"comment_status":"closed","ping_status":"closed","template":"elementor_header_footer","meta":{"footnotes":""},"class_list":["post-336","page","type-page","status-publish","hentry"],"_links":{"self":[{"href":"https:\/\/sni-nord.de\/en\/wp-json\/wp\/v2\/pages\/336","targetHints":{"allow":["GET"]}}],"collection":[{"href":"https:\/\/sni-nord.de\/en\/wp-json\/wp\/v2\/pages"}],"about":[{"href":"https:\/\/sni-nord.de\/en\/wp-json\/wp\/v2\/types\/page"}],"author":[{"embeddable":true,"href":"https:\/\/sni-nord.de\/en\/wp-json\/wp\/v2\/users\/1"}],"replies":[{"embeddable":true,"href":"https:\/\/sni-nord.de\/en\/wp-json\/wp\/v2\/comments?post=336"}],"version-history":[{"count":63,"href":"https:\/\/sni-nord.de\/en\/wp-json\/wp\/v2\/pages\/336\/revisions"}],"predecessor-version":[{"id":2411,"href":"https:\/\/sni-nord.de\/en\/wp-json\/wp\/v2\/pages\/336\/revisions\/2411"}],"wp:attachment":[{"href":"https:\/\/sni-nord.de\/en\/wp-json\/wp\/v2\/media?parent=336"}],"curies":[{"name":"wp","href":"https:\/\/api.w.org\/{rel}","templated":true}]}}