{"id":340,"date":"2020-04-28T05:50:34","date_gmt":"2020-04-28T05:50:34","guid":{"rendered":"https:\/\/sni-nord.de\/?page_id=340"},"modified":"2024-08-14T10:21:34","modified_gmt":"2024-08-14T10:21:34","slug":"stahlbau","status":"publish","type":"page","link":"https:\/\/sni-nord.de\/en\/stahlbau\/","title":{"rendered":"Steel construction"},"content":{"rendered":"<div data-elementor-type=\"wp-page\" data-elementor-id=\"340\" class=\"elementor elementor-340\" data-elementor-post-type=\"page\">\n\t\t\t\t\t\t<section class=\"elementor-section elementor-top-section elementor-element elementor-element-1efd486c elementor-section-boxed elementor-section-height-default elementor-section-height-default\" data-id=\"1efd486c\" data-element_type=\"section\" data-e-type=\"section\">\n\t\t\t\t\t\t<div class=\"elementor-container elementor-column-gap-default\">\n\t\t\t\t\t<div class=\"elementor-column elementor-col-100 elementor-top-column elementor-element elementor-element-4f23460f\" data-id=\"4f23460f\" data-element_type=\"column\" data-e-type=\"column\">\n\t\t\t<div class=\"elementor-widget-wrap elementor-element-populated\">\n\t\t\t\t\t\t<div class=\"elementor-element elementor-element-48c5e363 elementor-widget elementor-widget-spacer\" data-id=\"48c5e363\" data-element_type=\"widget\" data-e-type=\"widget\" data-widget_type=\"spacer.default\">\n\t\t\t\t<div class=\"elementor-widget-container\">\n\t\t\t\t\t\t\t<div class=\"elementor-spacer\">\n\t\t\t<div class=\"elementor-spacer-inner\"><\/div>\n\t\t<\/div>\n\t\t\t\t\t\t<\/div>\n\t\t\t\t<\/div>\n\t\t\t\t<div class=\"elementor-element elementor-element-55c21f5e elementor-widget elementor-widget-heading\" data-id=\"55c21f5e\" data-element_type=\"widget\" data-e-type=\"widget\" data-widget_type=\"heading.default\">\n\t\t\t\t<div class=\"elementor-widget-container\">\n\t\t\t\t\t<h1 class=\"elementor-heading-title elementor-size-default\">Steel construction<\/h1>\t\t\t\t<\/div>\n\t\t\t\t<\/div>\n\t\t\t\t<div class=\"elementor-element elementor-element-5a8b3533 elementor-widget elementor-widget-text-editor\" data-id=\"5a8b3533\" data-element_type=\"widget\" data-e-type=\"widget\" data-widget_type=\"text-editor.default\">\n\t\t\t\t<div class=\"elementor-widget-container\">\n\t\t\t\t\t\t\t\t\t<h4>Development, production &amp; design of steel construction<\/h4><p>We manufacture your steel projects economically and to the highest quality. We are at your disposal <strong>to advise you on the development of your design or your problem<\/strong>. Together with our long-standing contractual partners, we impress with our expertise, efficiency and quality.<\/p><p>Our service also includes <strong>elaborated designs, constructions or samples<\/strong>. We will be happy to make you an offer for your project on the basis of the elaborations.<\/p><p><strong>Our broad spectrum includes:<\/strong><\/p><ul><li>Prototype construction - mass production<\/li><li>Mechanical engineering including documentation<\/li><li>Hall construction<\/li><li>Steel construction<\/li><li>Sheet metal processing<\/li><li>Machining technology<\/li><li>HiCAD 3D drawings<\/li><li>Statistical calculations<\/li><li>according to country-specific standards<\/li><\/ul>\t\t\t\t\t\t\t\t<\/div>\n\t\t\t\t<\/div>\n\t\t\t\t\t<\/div>\n\t\t<\/div>\n\t\t\t\t<div class=\"elementor-column elementor-col-100 elementor-top-column elementor-element elementor-element-aa8c947\" data-id=\"aa8c947\" data-element_type=\"column\" data-e-type=\"column\">\n\t\t\t<div class=\"elementor-widget-wrap elementor-element-populated\">\n\t\t\t\t\t\t<div class=\"elementor-element elementor-element-a5129e8 elementor-widget elementor-widget-image\" data-id=\"a5129e8\" data-element_type=\"widget\" data-e-type=\"widget\" alt=\"Schwei\u00dfroboter,title\" data-widget_type=\"image.default\">\n\t\t\t\t<div class=\"elementor-widget-container\">\n\t\t\t\t\t\t\t\t\t\t\t\t\t\t\t<img fetchpriority=\"high\" decoding=\"async\" width=\"800\" height=\"534\" src=\"https:\/\/sni-nord.de\/wp-content\/uploads\/2020\/05\/schweissroboter.jpg\" class=\"attachment-large size-large wp-image-490\" alt=\"Welding robot\" srcset=\"https:\/\/sni-nord.de\/wp-content\/uploads\/2020\/05\/schweissroboter.jpg 818w, https:\/\/sni-nord.de\/wp-content\/uploads\/2020\/05\/schweissroboter-300x200.jpg 300w, https:\/\/sni-nord.de\/wp-content\/uploads\/2020\/05\/schweissroboter-768x513.jpg 768w\" sizes=\"(max-width: 800px) 100vw, 800px\" \/>\t\t\t\t\t\t\t\t\t\t\t\t\t\t\t<\/div>\n\t\t\t\t<\/div>\n\t\t\t\t<div class=\"elementor-element elementor-element-c8a225b elementor-widget elementor-widget-image\" data-id=\"c8a225b\" data-element_type=\"widget\" data-e-type=\"widget\" alt=\"Bohrarbeitungszentrum,title\" data-widget_type=\"image.default\">\n\t\t\t\t<div class=\"elementor-widget-container\">\n\t\t\t\t\t\t\t\t\t\t\t\t\t\t\t<img decoding=\"async\" width=\"800\" height=\"449\" src=\"https:\/\/sni-nord.de\/wp-content\/uploads\/2020\/05\/bohrbearbeitung.jpg\" class=\"attachment-large size-large wp-image-491\" alt=\"Drilling\" srcset=\"https:\/\/sni-nord.de\/wp-content\/uploads\/2020\/05\/bohrbearbeitung.jpg 819w, https:\/\/sni-nord.de\/wp-content\/uploads\/2020\/05\/bohrbearbeitung-300x168.jpg 300w, https:\/\/sni-nord.de\/wp-content\/uploads\/2020\/05\/bohrbearbeitung-768x431.jpg 768w\" sizes=\"(max-width: 800px) 100vw, 800px\" \/>\t\t\t\t\t\t\t\t\t\t\t\t\t\t\t<\/div>\n\t\t\t\t<\/div>\n\t\t\t\t\t<\/div>\n\t\t<\/div>\n\t\t\t\t\t<\/div>\n\t\t<\/section>\n\t\t\t\t<section class=\"elementor-section elementor-top-section elementor-element elementor-element-e187e7f elementor-section-boxed elementor-section-height-default elementor-section-height-default\" data-id=\"e187e7f\" data-element_type=\"section\" data-e-type=\"section\">\n\t\t\t\t\t\t<div class=\"elementor-container elementor-column-gap-default\">\n\t\t\t\t\t<div class=\"elementor-column elementor-col-100 elementor-top-column elementor-element elementor-element-ea7a0ca\" data-id=\"ea7a0ca\" data-element_type=\"column\" data-e-type=\"column\">\n\t\t\t<div class=\"elementor-widget-wrap elementor-element-populated\">\n\t\t\t\t\t\t<div class=\"elementor-element elementor-element-0a32128 elementor-widget-divider--view-line elementor-widget elementor-widget-divider\" data-id=\"0a32128\" data-element_type=\"widget\" data-e-type=\"widget\" data-widget_type=\"divider.default\">\n\t\t\t\t<div class=\"elementor-widget-container\">\n\t\t\t\t\t\t\t<div class=\"elementor-divider\">\n\t\t\t<span class=\"elementor-divider-separator\">\n\t\t\t\t\t\t<\/span>\n\t\t<\/div>\n\t\t\t\t\t\t<\/div>\n\t\t\t\t<\/div>\n\t\t\t\t\t<\/div>\n\t\t<\/div>\n\t\t\t\t\t<\/div>\n\t\t<\/section>\n\t\t\t\t<section class=\"elementor-section elementor-top-section elementor-element elementor-element-1688dc3 elementor-section-boxed elementor-section-height-default elementor-section-height-default\" data-id=\"1688dc3\" data-element_type=\"section\" data-e-type=\"section\">\n\t\t\t\t\t\t<div class=\"elementor-container elementor-column-gap-default\">\n\t\t\t\t\t<div class=\"elementor-column elementor-col-50 elementor-top-column elementor-element elementor-element-f8f5733\" data-id=\"f8f5733\" data-element_type=\"column\" data-e-type=\"column\">\n\t\t\t<div class=\"elementor-widget-wrap elementor-element-populated\">\n\t\t\t\t\t\t<div class=\"elementor-element elementor-element-a5ed1af elementor-widget elementor-widget-text-editor\" data-id=\"a5ed1af\" data-element_type=\"widget\" data-e-type=\"widget\" data-widget_type=\"text-editor.default\">\n\t\t\t\t<div class=\"elementor-widget-container\">\n\t\t\t\t\t\t\t\t\t<h4>Engineering: extensive development, design and planning<\/h4><p>We are extensively involved in the development, design and production of your projects. We always focus on what is technically feasible and meets your needs.<\/p>\t\t\t\t\t\t\t\t<\/div>\n\t\t\t\t<\/div>\n\t\t\t\t\t<\/div>\n\t\t<\/div>\n\t\t\t\t<div class=\"elementor-column elementor-col-50 elementor-top-column elementor-element elementor-element-c1bd4f2\" data-id=\"c1bd4f2\" data-element_type=\"column\" data-e-type=\"column\">\n\t\t\t<div class=\"elementor-widget-wrap elementor-element-populated\">\n\t\t\t\t\t\t<div class=\"elementor-element elementor-element-eee5ead elementor-widget elementor-widget-image\" data-id=\"eee5ead\" data-element_type=\"widget\" data-e-type=\"widget\" alt=\"Planung Hallenbau,title\" data-widget_type=\"image.default\">\n\t\t\t\t<div class=\"elementor-widget-container\">\n\t\t\t\t\t\t\t\t\t\t\t\t\t\t\t<img decoding=\"async\" width=\"350\" height=\"206\" src=\"https:\/\/sni-nord.de\/wp-content\/uploads\/2020\/05\/engeneering.jpg\" class=\"attachment-large size-large wp-image-493\" alt=\"engeneering\" srcset=\"https:\/\/sni-nord.de\/wp-content\/uploads\/2020\/05\/engeneering.jpg 350w, https:\/\/sni-nord.de\/wp-content\/uploads\/2020\/05\/engeneering-300x177.jpg 300w\" sizes=\"(max-width: 350px) 100vw, 350px\" \/>\t\t\t\t\t\t\t\t\t\t\t\t\t\t\t<\/div>\n\t\t\t\t<\/div>\n\t\t\t\t\t<\/div>\n\t\t<\/div>\n\t\t\t\t\t<\/div>\n\t\t<\/section>\n\t\t\t\t<section class=\"elementor-section elementor-top-section elementor-element elementor-element-bdd7529 elementor-section-boxed elementor-section-height-default elementor-section-height-default\" data-id=\"bdd7529\" data-element_type=\"section\" data-e-type=\"section\">\n\t\t\t\t\t\t<div class=\"elementor-container elementor-column-gap-default\">\n\t\t\t\t\t<div class=\"elementor-column elementor-col-100 elementor-top-column elementor-element elementor-element-29b4019\" data-id=\"29b4019\" data-element_type=\"column\" data-e-type=\"column\">\n\t\t\t<div class=\"elementor-widget-wrap elementor-element-populated\">\n\t\t\t\t\t\t<div class=\"elementor-element elementor-element-a23d6e5 elementor-widget-divider--view-line elementor-widget elementor-widget-divider\" data-id=\"a23d6e5\" data-element_type=\"widget\" data-e-type=\"widget\" data-widget_type=\"divider.default\">\n\t\t\t\t<div class=\"elementor-widget-container\">\n\t\t\t\t\t\t\t<div class=\"elementor-divider\">\n\t\t\t<span class=\"elementor-divider-separator\">\n\t\t\t\t\t\t<\/span>\n\t\t<\/div>\n\t\t\t\t\t\t<\/div>\n\t\t\t\t<\/div>\n\t\t\t\t\t<\/div>\n\t\t<\/div>\n\t\t\t\t\t<\/div>\n\t\t<\/section>\n\t\t\t\t<section class=\"elementor-section elementor-top-section elementor-element elementor-element-64e929d elementor-section-boxed elementor-section-height-default elementor-section-height-default\" data-id=\"64e929d\" data-element_type=\"section\" data-e-type=\"section\">\n\t\t\t\t\t\t<div class=\"elementor-container elementor-column-gap-default\">\n\t\t\t\t\t<div class=\"elementor-column elementor-col-50 elementor-top-column elementor-element elementor-element-aa4d2b9\" data-id=\"aa4d2b9\" data-element_type=\"column\" data-e-type=\"column\">\n\t\t\t<div class=\"elementor-widget-wrap elementor-element-populated\">\n\t\t\t\t\t\t<div class=\"elementor-element elementor-element-28fe5a0 elementor-widget elementor-widget-text-editor\" data-id=\"28fe5a0\" data-element_type=\"widget\" data-e-type=\"widget\" data-widget_type=\"text-editor.default\">\n\t\t\t\t<div class=\"elementor-widget-container\">\n\t\t\t\t\t\t\t\t\t<h4>Demolition, dismantling and disposal of racking systems and metals<\/h4><p>Our service also includes the demolition and dismantling of any shelving systems and metals. We also take care of the disposal.<\/p>\t\t\t\t\t\t\t\t<\/div>\n\t\t\t\t<\/div>\n\t\t\t\t\t<\/div>\n\t\t<\/div>\n\t\t\t\t<div class=\"elementor-column elementor-col-50 elementor-top-column elementor-element elementor-element-63688b2\" data-id=\"63688b2\" data-element_type=\"column\" data-e-type=\"column\">\n\t\t\t<div class=\"elementor-widget-wrap elementor-element-populated\">\n\t\t\t\t\t\t<div class=\"elementor-element elementor-element-555ec25 elementor-widget elementor-widget-image\" data-id=\"555ec25\" data-element_type=\"widget\" data-e-type=\"widget\" data-widget_type=\"image.default\">\n\t\t\t\t<div class=\"elementor-widget-container\">\n\t\t\t\t\t\t\t\t\t\t\t\t\t\t\t<img loading=\"lazy\" decoding=\"async\" width=\"350\" height=\"350\" src=\"https:\/\/sni-nord.de\/wp-content\/uploads\/2020\/05\/abriss-entsorgung.jpg\" class=\"attachment-large size-large wp-image-496\" alt=\"demolition disposal\" srcset=\"https:\/\/sni-nord.de\/wp-content\/uploads\/2020\/05\/abriss-entsorgung.jpg 350w, https:\/\/sni-nord.de\/wp-content\/uploads\/2020\/05\/abriss-entsorgung-300x300.jpg 300w, https:\/\/sni-nord.de\/wp-content\/uploads\/2020\/05\/abriss-entsorgung-150x150.jpg 150w\" sizes=\"(max-width: 350px) 100vw, 350px\" \/>\t\t\t\t\t\t\t\t\t\t\t\t\t\t\t<\/div>\n\t\t\t\t<\/div>\n\t\t\t\t\t<\/div>\n\t\t<\/div>\n\t\t\t\t\t<\/div>\n\t\t<\/section>\n\t\t\t\t<section class=\"elementor-section elementor-top-section elementor-element elementor-element-e7a4242 elementor-section-boxed elementor-section-height-default elementor-section-height-default\" data-id=\"e7a4242\" data-element_type=\"section\" data-e-type=\"section\">\n\t\t\t\t\t\t<div class=\"elementor-container elementor-column-gap-default\">\n\t\t\t\t\t<div class=\"elementor-column elementor-col-100 elementor-top-column elementor-element elementor-element-b66bd5d\" data-id=\"b66bd5d\" data-element_type=\"column\" data-e-type=\"column\">\n\t\t\t<div class=\"elementor-widget-wrap elementor-element-populated\">\n\t\t\t\t\t\t<div class=\"elementor-element elementor-element-3f77a74 elementor-widget-divider--view-line elementor-widget elementor-widget-divider\" data-id=\"3f77a74\" data-element_type=\"widget\" data-e-type=\"widget\" data-widget_type=\"divider.default\">\n\t\t\t\t<div class=\"elementor-widget-container\">\n\t\t\t\t\t\t\t<div class=\"elementor-divider\">\n\t\t\t<span class=\"elementor-divider-separator\">\n\t\t\t\t\t\t<\/span>\n\t\t<\/div>\n\t\t\t\t\t\t<\/div>\n\t\t\t\t<\/div>\n\t\t\t\t<div class=\"elementor-element elementor-element-5ac6edd elementor-widget elementor-widget-text-editor\" data-id=\"5ac6edd\" data-element_type=\"widget\" data-e-type=\"widget\" data-widget_type=\"text-editor.default\">\n\t\t\t\t<div class=\"elementor-widget-container\">\n\t\t\t\t\t\t\t\t\t<h4>Your advantages with SNI-Nord<\/h4><p>We support you in the planning and implementation of your project and are always at your side. Simply contact us and talk to us about your plans.<\/p>\t\t\t\t\t\t\t\t<\/div>\n\t\t\t\t<\/div>\n\t\t\t\t<div class=\"elementor-element elementor-element-3c2fa80 elementor-align-center elementor-widget elementor-widget-button\" data-id=\"3c2fa80\" data-element_type=\"widget\" data-e-type=\"widget\" data-widget_type=\"button.default\">\n\t\t\t\t<div class=\"elementor-widget-container\">\n\t\t\t\t\t\t\t\t\t<div class=\"elementor-button-wrapper\">\n\t\t\t\t\t<a class=\"elementor-button elementor-button-link elementor-size-sm\" href=\"https:\/\/sni-nord.de\/en\/kontakt\/\">\n\t\t\t\t\t\t<span class=\"elementor-button-content-wrapper\">\n\t\t\t\t\t\t\t\t\t<span class=\"elementor-button-text\">Contact us here<\/span>\n\t\t\t\t\t<\/span>\n\t\t\t\t\t<\/a>\n\t\t\t\t<\/div>\n\t\t\t\t\t\t\t\t<\/div>\n\t\t\t\t<\/div>\n\t\t\t\t<div class=\"elementor-element elementor-element-1204360 elementor-widget elementor-widget-text-editor\" data-id=\"1204360\" data-element_type=\"widget\" data-e-type=\"widget\" data-widget_type=\"text-editor.default\">\n\t\t\t\t<div class=\"elementor-widget-container\">\n\t\t\t\t\t\t\t\t\t<ul>\n<li>Everything from a single source: development, production, construction, demolition, demolition and disposal<\/li>\n<li>With us and our long-standing contractual partners, you get bundled experience and a wealth of expertise<\/li>\n<li>Our work focuses on efficiency and high quality<\/li>\n<\/ul>\n\t\t\t\t\t\t\t\t<\/div>\n\t\t\t\t<\/div>\n\t\t\t\t\t<\/div>\n\t\t<\/div>\n\t\t\t\t\t<\/div>\n\t\t<\/section>\n\t\t\t\t<\/div>","protected":false},"excerpt":{"rendered":"<p>Stahlbau Entwicklung, Fertigung &amp; Konstruktion von Stahlbau Wir fertigen Ihre Stahl-Projekte wirtschaftlich und in bester Qualit\u00e4t. Dabei stehen wir Ihnen bei der Entwicklung Ihrer Konstruktion oder Ihrer Problemstellung beratend zur Seite. Gemeinsam mit unseren langj\u00e4hrigen Vertragspartnern \u00fcberzeugen wir durch Fachwissen, Effizienz und Qualit\u00e4t. Unsere Leistung umfasst auch ausgearbeitete Entw\u00fcrfe, Konstruktionen oder Muster. Auf Basis der [&hellip;]<\/p>\n","protected":false},"author":1,"featured_media":0,"parent":0,"menu_order":0,"comment_status":"closed","ping_status":"closed","template":"elementor_header_footer","meta":{"footnotes":""},"class_list":["post-340","page","type-page","status-publish","hentry"],"_links":{"self":[{"href":"https:\/\/sni-nord.de\/en\/wp-json\/wp\/v2\/pages\/340","targetHints":{"allow":["GET"]}}],"collection":[{"href":"https:\/\/sni-nord.de\/en\/wp-json\/wp\/v2\/pages"}],"about":[{"href":"https:\/\/sni-nord.de\/en\/wp-json\/wp\/v2\/types\/page"}],"author":[{"embeddable":true,"href":"https:\/\/sni-nord.de\/en\/wp-json\/wp\/v2\/users\/1"}],"replies":[{"embeddable":true,"href":"https:\/\/sni-nord.de\/en\/wp-json\/wp\/v2\/comments?post=340"}],"version-history":[{"count":4,"href":"https:\/\/sni-nord.de\/en\/wp-json\/wp\/v2\/pages\/340\/revisions"}],"predecessor-version":[{"id":1958,"href":"https:\/\/sni-nord.de\/en\/wp-json\/wp\/v2\/pages\/340\/revisions\/1958"}],"wp:attachment":[{"href":"https:\/\/sni-nord.de\/en\/wp-json\/wp\/v2\/media?parent=340"}],"curies":[{"name":"wp","href":"https:\/\/api.w.org\/{rel}","templated":true}]}}